{"id":833,"date":"2025-08-26T20:03:03","date_gmt":"2025-08-26T20:03:03","guid":{"rendered":"https:\/\/diversiahealth.com\/?page_id=833"},"modified":"2025-08-26T20:06:14","modified_gmt":"2025-08-26T20:06:14","slug":"formulario-de-lupus","status":"publish","type":"page","link":"https:\/\/diversiahealth.com\/es\/formulario-de-lupus\/","title":{"rendered":"Formulario de Lupus"},"content":{"rendered":"\t\t<div data-elementor-type=\"wp-page\" data-elementor-id=\"833\" class=\"elementor elementor-833\" data-elementor-post-type=\"page\">\n\t\t\t\t<div class=\"elementor-element elementor-element-58f5c89 e-flex e-con-boxed magic-button-disabled-no e-con e-parent\" data-id=\"58f5c89\" data-element_type=\"container\" data-e-type=\"container\">\n\t\t\t\t\t<div class=\"e-con-inner\">\n\t\t\t\t<div class=\"elementor-element elementor-element-1106b01 elementor-widget elementor-widget-shortcode\" data-id=\"1106b01\" data-element_type=\"widget\" data-e-type=\"widget\" data-widget_type=\"shortcode.default\">\n\t\t\t\t\t\t\t<div class=\"elementor-shortcode\"><div class='fluentform ff-default fluentform_wrapper_7 ffs_default_wrap'><form data-form_id=\"7\" id=\"fluentform_7\" class=\"frm-fluent-form fluent_form_7 ff-el-form-top ff_form_instance_7_1 ff-form-loading ffs_default\" data-form_instance=\"ff_form_instance_7_1\" method=\"POST\" ><fieldset  style=\"border: none!important;margin: 0!important;padding: 0!important;background-color: transparent!important;box-shadow: none!important;outline: none!important; min-inline-size: 100%;\">\n                    <legend class=\"ff_screen_reader_title\" style=\"display: block; margin: 0!important;padding: 0!important;height: 0!important;text-indent: -999999px;width: 0!important;overflow:hidden;\">LCTC - Lupus<\/legend><input type='hidden' name='__fluent_form_embded_post_id' value='833' \/><input type=\"hidden\" id=\"_fluentform_7_fluentformnonce\" name=\"_fluentform_7_fluentformnonce\" value=\"3898077536\" \/><input type=\"hidden\" name=\"_wp_http_referer\" value=\"\/es\/wp-json\/wp\/v2\/pages\/833\" \/><div class='ff-el-group'><div class=\"ff-el-input--label ff-el-is-required asterisk-right\"><label   aria-label=\"Al seleccionar &quot;Acepto&quot; a continuaci\u00f3n, comprendo que la informaci\u00f3n personal que estoy proporcionando puede ser recopilada, compartida, utilizada y\/o transferida por el equipo de estudio con el \u00fanico fin de permitir que me contacten para obtener m\u00e1s informaci\u00f3n sobre el estudio, ver si soy apto para participar en este estudio y, si corresponde, ayudarme a inscribirme en este estudio. Entiendo que no hay garant\u00eda de que un miembro del equipo de estudio se comunique conmigo como resultado de enviar esta informaci\u00f3n. Tambi\u00e9n comprendo que pueden comunicarse conmigo en el futuro sobre otros estudios para los que pueda calificar. Reconozco que puedo retirar mi inter\u00e9s en participar en el estudio en cualquier momento hablando con un miembro del equipo de estudio o un representante. Al seleccionar &quot;Acepto&quot; a continuaci\u00f3n, verifico que: - El nombre y los n\u00fameros de tel\u00e9fono que he proporcionado me pertenecen y son correctos, y que estoy interesado en ser contactado (por mensaje de texto, correo electr\u00f3nico o tel\u00e9fono). - Tengo 21 a\u00f1os o m\u00e1s. - He le\u00eddo y comprendido el Aviso legal y la Pol\u00edtica de privacidad.\">Al seleccionar \"Acepto\" a continuaci\u00f3n, comprendo que la informaci\u00f3n personal que estoy proporcionando puede ser recopilada, compartida, utilizada y\/o transferida por el equipo de estudio con el \u00fanico fin de permitir que me contacten para obtener m\u00e1s informaci\u00f3n sobre el estudio, ver si soy apto para participar en este estudio y, si corresponde, ayudarme a inscribirme en este estudio. Entiendo que no hay garant\u00eda de que un miembro del equipo de estudio se comunique conmigo como resultado de enviar esta informaci\u00f3n. Tambi\u00e9n comprendo que pueden comunicarse conmigo en el futuro sobre otros estudios para los que pueda calificar. Reconozco que puedo retirar mi inter\u00e9s en participar en el estudio en cualquier momento hablando con un miembro del equipo de estudio o un representante. Al seleccionar \"Acepto\" a continuaci\u00f3n, verifico que: - El nombre y los n\u00fameros de tel\u00e9fono que he proporcionado me pertenecen y son correctos, y que estoy interesado en ser contactado (por mensaje de texto, correo electr\u00f3nico o tel\u00e9fono). - Tengo 21 a\u00f1os o m\u00e1s. - He le\u00eddo y comprendido el Aviso legal y la Pol\u00edtica de privacidad.<\/label><\/div><div class='ff-el-input--content'><div class='ff-el-form-check ff-el-form-check-'><label class='ff-el-form-check-label' for='checkbox_87efcea9d931573449f31c64de930ec1'><input  type=\"checkbox\" name=\"checkbox[]\" data-name=\"checkbox\" class=\"ff-el-form-check-input ff-el-form-check-checkbox\" value=\"Acepto\"  id='checkbox_87efcea9d931573449f31c64de930ec1' aria-label='Acepto' aria-invalid='false' aria-required=true> <span>Acepto<\/span><\/label><\/div><\/div><\/div><div data-type=\"name-element\" data-name=\"names\" class=\"has-conditions  ff-field_container ff-name-field-wrapper\" ><div class='ff-t-container'><div class='ff-t-cell '><div class='ff-el-group ff-el-form-top'><div class=\"ff-el-input--label asterisk-right\"><label for='ff_7_names_first_name_' id='label_ff_7_names_first_name_' >Nombre<\/label><\/div><div class='ff-el-input--content'><input type=\"text\" name=\"names[first_name]\" id=\"ff_7_names_first_name_\" class=\"ff-el-form-control\" placeholder=\"Nombre\" aria-invalid=\"false\" aria-required=false><\/div><\/div><\/div><div class='ff-t-cell '><div class='ff-el-group ff-el-form-top'><div class=\"ff-el-input--label asterisk-right\"><label for='ff_7_names_last_name_' id='label_ff_7_names_last_name_' >Apellido<\/label><\/div><div class='ff-el-input--content'><input type=\"text\" name=\"names[last_name]\" id=\"ff_7_names_last_name_\" class=\"ff-el-form-control\" placeholder=\"Apellido\" aria-invalid=\"false\" aria-required=false><\/div><\/div><\/div><\/div><\/div><div data-name=\"ff_cn_id_1\"  class='ff-t-container ff-column-container ff_columns_total_2 '><div class='ff-t-cell ff-t-column-1' style='flex-basis: 50%;'><div class='ff-el-group has-conditions'><div class=\"ff-el-input--label ff-el-is-required asterisk-right\"><label for='ff_7_phone' id='label_ff_7_phone' aria-label=\"Tel\u00e9fono\">Tel\u00e9fono<\/label><\/div><div class='ff-el-input--content'><input name=\"phone\" class=\"ff-el-form-control ff-el-phone\" type=\"tel\" placeholder=\"Tel\u00e9fono\" data-name=\"phone\" id=\"ff_7_phone\" inputmode=\"tel\"  aria-invalid='false' aria-required=true><\/div><\/div><\/div><div class='ff-t-cell ff-t-column-2' style='flex-basis: 50%;'><div class='ff-el-group has-conditions'><div class=\"ff-el-input--label ff-el-is-required asterisk-right\"><label for='ff_7_email' id='label_ff_7_email' aria-label=\"Correo Electr\u00f3nico\">Correo Electr\u00f3nico<\/label><\/div><div class='ff-el-input--content'><input type=\"email\" name=\"email\" id=\"ff_7_email\" class=\"ff-el-form-control\" placeholder=\"Correo Electr\u00f3nico\" data-name=\"email\"  aria-invalid=\"false\" aria-required=true><\/div><\/div><\/div><\/div><div class='ff-el-group has-conditions'><div class=\"ff-el-input--label ff-el-is-required asterisk-right\"><label   aria-label=\"\u00bfActualmente reside en Puerto Rico?\">\u00bfActualmente reside en Puerto Rico?<\/label><\/div><div class='ff-el-input--content'><div class='ff-el-form-check ff-el-form-check-'><label class='ff-el-form-check-label' for='input_radio_7c731e97ab0e8afe873f994a5ed274ad'><input  type=\"radio\" name=\"input_radio\" data-name=\"input_radio\" class=\"ff-el-form-check-input ff-el-form-check-radio\" value=\"S\u00ed\"  id='input_radio_7c731e97ab0e8afe873f994a5ed274ad' aria-label='S\u00ed' aria-invalid='false' aria-required=true> <span>S\u00ed<\/span><\/label><\/div><div class='ff-el-form-check ff-el-form-check-'><label class='ff-el-form-check-label' for='input_radio_80f6d923cad7d63e5b2763090af2056f'><input  type=\"radio\" name=\"input_radio\" data-name=\"input_radio\" class=\"ff-el-form-check-input ff-el-form-check-radio\" value=\"no\"  id='input_radio_80f6d923cad7d63e5b2763090af2056f' aria-label='No' aria-invalid='false' aria-required=true> <span>No<\/span><\/label><\/div><\/div><\/div><div class='ff-el-group has-conditions'><div class=\"ff-el-input--label ff-el-is-required asterisk-right\"><label   aria-label=\"\u00bfC\u00f3mo supo de este estudio?\">\u00bfC\u00f3mo supo de este estudio?<\/label><\/div><div class='ff-el-input--content'><div class='ff-el-form-check ff-el-form-check-'><label class='ff-el-form-check-label' for='input_radio_1_fe4ca5ede5f447bc6e0625a6e7d2a2ab'><input  type=\"radio\" name=\"input_radio_1\" data-name=\"input_radio_1\" class=\"ff-el-form-check-input ff-el-form-check-radio\" value=\"S\u00ed\"  id='input_radio_1_fe4ca5ede5f447bc6e0625a6e7d2a2ab' aria-label='S\u00ed' aria-invalid='false' aria-required=true> <span>S\u00ed<\/span><\/label><\/div><div class='ff-el-form-check ff-el-form-check-'><label class='ff-el-form-check-label' for='input_radio_1_cc13f24947a2c7c69ff17b357951e9b4'><input  type=\"radio\" name=\"input_radio_1\" data-name=\"input_radio_1\" class=\"ff-el-form-check-input ff-el-form-check-radio\" value=\"no\"  id='input_radio_1_cc13f24947a2c7c69ff17b357951e9b4' aria-label='No' aria-invalid='false' aria-required=true> <span>No<\/span><\/label><\/div><\/div><\/div><div class='ff-el-group has-conditions'><div class=\"ff-el-input--label ff-el-is-required asterisk-right\"><label   aria-label=\"\u00bfTienes entre 21 y 65 a\u00f1os?\">\u00bfTienes entre 21 y 65 a\u00f1os?<\/label><\/div><div class='ff-el-input--content'><div class='ff-el-form-check ff-el-form-check-'><label class='ff-el-form-check-label' for='input_radio_2_075ad98abbd1bd6385e45cba52b6ec05'><input  type=\"radio\" name=\"input_radio_2\" data-name=\"input_radio_2\" class=\"ff-el-form-check-input ff-el-form-check-radio\" value=\"S\u00ed\"  id='input_radio_2_075ad98abbd1bd6385e45cba52b6ec05' aria-label='S\u00ed' aria-invalid='false' aria-required=true> <span>S\u00ed<\/span><\/label><\/div><div class='ff-el-form-check ff-el-form-check-'><label class='ff-el-form-check-label' for='input_radio_2_0cab70015e3465918d8def25d4289ee7'><input  type=\"radio\" name=\"input_radio_2\" data-name=\"input_radio_2\" class=\"ff-el-form-check-input ff-el-form-check-radio\" value=\"no\"  id='input_radio_2_0cab70015e3465918d8def25d4289ee7' aria-label='No' aria-invalid='false' aria-required=true> <span>No<\/span><\/label><\/div><\/div><\/div><div class='ff-el-group has-conditions'><div class=\"ff-el-input--label ff-el-is-required asterisk-right\"><label   aria-label=\"\u00bfTienes un Diagn\u00f3stico de Lupus Sistem\u00e1tico Eritematoso (SLE)?\">\u00bfTienes un Diagn\u00f3stico de Lupus Sistem\u00e1tico Eritematoso (SLE)?<\/label><\/div><div class='ff-el-input--content'><div class='ff-el-form-check ff-el-form-check-'><label class='ff-el-form-check-label' for='input_radio_3_328db92edd67f9612e3ad5cd45a286d8'><input  type=\"radio\" name=\"input_radio_3\" data-name=\"input_radio_3\" class=\"ff-el-form-check-input ff-el-form-check-radio\" value=\"S\u00ed\"  id='input_radio_3_328db92edd67f9612e3ad5cd45a286d8' aria-label='S\u00ed' aria-invalid='false' aria-required=true> <span>S\u00ed<\/span><\/label><\/div><div class='ff-el-form-check ff-el-form-check-'><label class='ff-el-form-check-label' for='input_radio_3_f711122b49fd9baed944b4367369b663'><input  type=\"radio\" name=\"input_radio_3\" data-name=\"input_radio_3\" class=\"ff-el-form-check-input ff-el-form-check-radio\" value=\"no\"  id='input_radio_3_f711122b49fd9baed944b4367369b663' aria-label='No' aria-invalid='false' aria-required=true> <span>No<\/span><\/label><\/div><\/div><\/div><div class='ff-el-group has-conditions'><div class=\"ff-el-input--label ff-el-is-required asterisk-right\"><label   aria-label=\"\u00bfUtilizas medicamento(s) para el Lupus?\">\u00bfUtilizas medicamento(s) para el Lupus?<\/label><\/div><div class='ff-el-input--content'><div class='ff-el-form-check ff-el-form-check-'><label class='ff-el-form-check-label' for='input_radio_4_dff4ed00321be746da3d7987f5c7523e'><input  type=\"radio\" name=\"input_radio_4\" data-name=\"input_radio_4\" class=\"ff-el-form-check-input ff-el-form-check-radio\" value=\"S\u00ed\"  id='input_radio_4_dff4ed00321be746da3d7987f5c7523e' aria-label='S\u00ed' aria-invalid='false' aria-required=true> <span>S\u00ed<\/span><\/label><\/div><div class='ff-el-form-check ff-el-form-check-'><label class='ff-el-form-check-label' for='input_radio_4_0e9d2de62d91a3719dc0799ae700b91a'><input  type=\"radio\" name=\"input_radio_4\" data-name=\"input_radio_4\" class=\"ff-el-form-check-input ff-el-form-check-radio\" value=\"no\"  id='input_radio_4_0e9d2de62d91a3719dc0799ae700b91a' aria-label='No' aria-invalid='false' aria-required=true> <span>No<\/span><\/label><\/div><\/div><\/div><div class='ff-el-group has-conditions'><div class=\"ff-el-input--label asterisk-right\"><label for='ff_7_input_text' id='label_ff_7_input_text' aria-label=\"\u00bfCu\u00e1les?\">\u00bfCu\u00e1les?<\/label><\/div><div class='ff-el-input--content'><input type=\"text\" name=\"input_text\" class=\"ff-el-form-control\" data-name=\"input_text\" id=\"ff_7_input_text\"  aria-invalid=\"false\" aria-required=false><\/div><\/div><div class='ff-el-group has-conditions'><div class=\"ff-el-input--label ff-el-is-required asterisk-right\"><label   aria-label=\"\u00bfCuenta con resultado de laboratorio con ANA test positivo o Anti-ds DNA?\">\u00bfCuenta con resultado de laboratorio con ANA test positivo o Anti-ds DNA?<\/label><\/div><div class='ff-el-input--content'><div class='ff-el-form-check ff-el-form-check-'><label class='ff-el-form-check-label' for='input_radio_5_e43e959db65476cb5eab410349f038ba'><input  type=\"radio\" name=\"input_radio_5\" data-name=\"input_radio_5\" class=\"ff-el-form-check-input ff-el-form-check-radio\" value=\"S\u00ed\"  id='input_radio_5_e43e959db65476cb5eab410349f038ba' aria-label='S\u00ed' aria-invalid='false' aria-required=true> <span>S\u00ed<\/span><\/label><\/div><div class='ff-el-form-check ff-el-form-check-'><label class='ff-el-form-check-label' for='input_radio_5_c847f5d7c0661fb2f29c23cafb64a34a'><input  type=\"radio\" name=\"input_radio_5\" data-name=\"input_radio_5\" class=\"ff-el-form-check-input ff-el-form-check-radio\" value=\"no\"  id='input_radio_5_c847f5d7c0661fb2f29c23cafb64a34a' aria-label='No' aria-invalid='false' aria-required=true> <span>No<\/span><\/label><\/div><\/div><\/div><div class='ff-el-group has-conditions'><div class=\"ff-el-input--label ff-el-is-required asterisk-right\"><label   aria-label=\"\u00bfRecibi\u00f3 una evaluaci\u00f3n diagn\u00f3stica por su especialista?\"> \u00bfRecibi\u00f3 una evaluaci\u00f3n diagn\u00f3stica por su especialista?<\/label><\/div><div class='ff-el-input--content'><div class='ff-el-form-check ff-el-form-check-'><label class='ff-el-form-check-label' for='input_radio_6_35102543da19e652667633aee3a5d9d8'><input  type=\"radio\" name=\"input_radio_6\" data-name=\"input_radio_6\" class=\"ff-el-form-check-input ff-el-form-check-radio\" value=\"S\u00ed\"  id='input_radio_6_35102543da19e652667633aee3a5d9d8' aria-label='S\u00ed' aria-invalid='false' aria-required=true> <span>S\u00ed<\/span><\/label><\/div><div class='ff-el-form-check ff-el-form-check-'><label class='ff-el-form-check-label' for='input_radio_6_64d9f0b20c04563442e23a838a5e004b'><input  type=\"radio\" name=\"input_radio_6\" data-name=\"input_radio_6\" class=\"ff-el-form-check-input ff-el-form-check-radio\" value=\"no\"  id='input_radio_6_64d9f0b20c04563442e23a838a5e004b' aria-label='No' aria-invalid='false' aria-required=true> <span>No<\/span><\/label><\/div><\/div><\/div><div class='ff-el-group has-conditions'><div class=\"ff-el-input--label ff-el-is-required asterisk-right\"><label   aria-label=\"\u00bfAutoriza poder comunicarnos con usted v\u00eda email o tel\u00e9fono?\">\u00bfAutoriza poder comunicarnos con usted v\u00eda email o tel\u00e9fono?<\/label><\/div><div class='ff-el-input--content'><div class='ff-el-form-check ff-el-form-check-'><label class='ff-el-form-check-label' for='input_radio_7_7b714c7dd766dce11364cc50a7f934bd'><input  type=\"radio\" name=\"input_radio_7\" data-name=\"input_radio_7\" class=\"ff-el-form-check-input ff-el-form-check-radio\" value=\"S\u00ed\"  id='input_radio_7_7b714c7dd766dce11364cc50a7f934bd' aria-label='S\u00ed' aria-invalid='false' aria-required=true> <span>S\u00ed<\/span><\/label><\/div><div class='ff-el-form-check ff-el-form-check-'><label class='ff-el-form-check-label' for='input_radio_7_cc667f1cf92eea7fc5618e0680b02400'><input  type=\"radio\" name=\"input_radio_7\" data-name=\"input_radio_7\" class=\"ff-el-form-check-input ff-el-form-check-radio\" value=\"no\"  id='input_radio_7_cc667f1cf92eea7fc5618e0680b02400' aria-label='No' aria-invalid='false' aria-required=true> <span>No<\/span><\/label><\/div><\/div><\/div><div class='ff-el-group  ff-custom_html has-conditions' tabindex='-1' data-name=\"custom_html-7_1\" ><p>Importante:<\/p>\n<p>* Completar este formulario no lo compromete a participar del estudio.<br \/>* De usted ser elegible, la participaci\u00f3n en el estudio es libre de costo.<\/p><\/div><div class='ff-el-group ff-text-left ff_submit_btn_wrapper'><button type=\"submit\" class=\"ff-btn ff-btn-submit ff-btn-md ff_btn_style\"  aria-label=\"Submit Form\">Submit Form<\/button><\/div><\/fieldset><\/form><div id='fluentform_7_errors' class='ff-errors-in-stack ff_form_instance_7_1 ff-form-loading_errors ff_form_instance_7_1_errors'><\/div><\/div>            <script type=\"text\/javascript\">\n                window.fluent_form_ff_form_instance_7_1 = {\"id\":\"7\",\"settings\":{\"layout\":{\"labelPlacement\":\"top\",\"helpMessagePlacement\":\"with_label\",\"errorMessagePlacement\":\"inline\"},\"restrictions\":{\"denyEmptySubmission\":{\"enabled\":false}}},\"form_instance\":\"ff_form_instance_7_1\",\"form_id_selector\":\"fluentform_7\",\"rules\":{\"checkbox\":{\"required\":{\"value\":true,\"message\":\"This field is required\",\"global_message\":\"This field is required\",\"global\":true}},\"names[first_name]\":{\"required\":{\"value\":false,\"message\":\"This field is required\",\"global_message\":\"This field is required\",\"global\":true}},\"names[middle_name]\":{\"required\":{\"value\":false,\"message\":\"This field is required\",\"global_message\":\"This field is required\",\"global\":true}},\"names[last_name]\":{\"required\":{\"value\":false,\"message\":\"This field is required\",\"global_message\":\"This field is required\",\"global\":true}},\"phone\":{\"required\":{\"value\":true,\"global\":true,\"message\":\"This field is required\",\"global_message\":\"This field is required\"},\"valid_phone_number\":{\"value\":false,\"global\":true,\"message\":\"Phone number is not valid\",\"global_message\":\"Phone number is not valid\"}},\"email\":{\"required\":{\"value\":true,\"message\":\"This field is required\",\"global_message\":\"This field is required\",\"global\":true},\"email\":{\"value\":true,\"message\":\"This field must contain a valid email\",\"global_message\":\"This field must contain a valid email\",\"global\":true}},\"input_radio\":{\"required\":{\"value\":true,\"message\":\"This field is required\",\"global_message\":\"This field is required\",\"global\":true}},\"input_radio_1\":{\"required\":{\"value\":true,\"message\":\"This field is required\",\"global_message\":\"This field is required\",\"global\":true}},\"input_radio_2\":{\"required\":{\"value\":true,\"message\":\"This field is required\",\"global_message\":\"This field is required\",\"global\":true}},\"input_radio_3\":{\"required\":{\"value\":true,\"message\":\"This field is required\",\"global_message\":\"This field is required\",\"global\":true}},\"input_radio_4\":{\"required\":{\"value\":true,\"message\":\"This field is required\",\"global_message\":\"This field is required\",\"global\":true}},\"input_text\":{\"required\":{\"value\":false,\"message\":\"This field is required\",\"global_message\":\"This field is required\",\"global\":true}},\"input_radio_5\":{\"required\":{\"value\":true,\"message\":\"This field is required\",\"global_message\":\"This field is required\",\"global\":true}},\"input_radio_6\":{\"required\":{\"value\":true,\"message\":\"This field is required\",\"global_message\":\"This field is required\",\"global\":true}},\"input_radio_7\":{\"required\":{\"value\":true,\"message\":\"This field is required\",\"global_message\":\"This field is required\",\"global\":true}}},\"debounce_time\":300,\"conditionals\":{\"names\":{\"type\":\"any\",\"status\":true,\"conditions\":[{\"field\":\"checkbox\",\"value\":\"Acepto\",\"operator\":\"=\"}],\"condition_groups\":[{\"rules\":[{\"field\":\"\",\"value\":\"\",\"operator\":\"\"}],\"title\":\"\",\"isEditingTitle\":false,\"isPreviewOpen\":false,\"isGroupOpen\":true}]},\"phone\":{\"type\":\"any\",\"status\":true,\"conditions\":[{\"field\":\"checkbox\",\"value\":\"Acepto\",\"operator\":\"=\"}],\"condition_groups\":[{\"rules\":[{\"field\":\"\",\"value\":\"\",\"operator\":\"\"}],\"title\":\"\",\"isEditingTitle\":false,\"isPreviewOpen\":false,\"isGroupOpen\":true}]},\"email\":{\"type\":\"any\",\"status\":true,\"conditions\":[{\"field\":\"checkbox\",\"value\":\"Acepto\",\"operator\":\"=\"}],\"condition_groups\":[{\"rules\":[{\"field\":\"\",\"value\":\"\",\"operator\":\"\"}],\"title\":\"\",\"isEditingTitle\":false,\"isPreviewOpen\":false,\"isGroupOpen\":true}]},\"input_radio\":{\"type\":\"any\",\"status\":true,\"conditions\":[{\"field\":\"checkbox\",\"value\":\"Acepto\",\"operator\":\"=\"}],\"condition_groups\":[{\"rules\":[{\"field\":\"\",\"value\":\"\",\"operator\":\"\"}],\"title\":\"\",\"isEditingTitle\":false,\"isPreviewOpen\":false,\"isGroupOpen\":true}]},\"input_radio_1\":{\"type\":\"any\",\"status\":true,\"conditions\":[{\"field\":\"checkbox\",\"value\":\"Acepto\",\"operator\":\"=\"}],\"condition_groups\":[{\"rules\":[{\"field\":\"\",\"value\":\"\",\"operator\":\"\"}],\"title\":\"\",\"isEditingTitle\":false,\"isPreviewOpen\":false,\"isGroupOpen\":true}]},\"input_radio_2\":{\"type\":\"any\",\"status\":true,\"conditions\":[{\"field\":\"checkbox\",\"value\":\"Acepto\",\"operator\":\"=\"}],\"condition_groups\":[{\"rules\":[{\"field\":\"\",\"value\":\"\",\"operator\":\"\"}],\"title\":\"\",\"isEditingTitle\":false,\"isPreviewOpen\":false,\"isGroupOpen\":true}]},\"input_radio_3\":{\"type\":\"any\",\"status\":true,\"conditions\":[{\"field\":\"checkbox\",\"value\":\"Acepto\",\"operator\":\"=\"}],\"condition_groups\":[{\"rules\":[{\"field\":\"\",\"value\":\"\",\"operator\":\"\"}],\"title\":\"\",\"isEditingTitle\":false,\"isPreviewOpen\":false,\"isGroupOpen\":true}]},\"input_radio_4\":{\"type\":\"any\",\"status\":true,\"conditions\":[{\"field\":\"checkbox\",\"value\":\"Acepto\",\"operator\":\"=\"}],\"condition_groups\":[{\"rules\":[{\"field\":\"\",\"value\":\"\",\"operator\":\"\"}],\"title\":\"\",\"isEditingTitle\":false,\"isPreviewOpen\":false,\"isGroupOpen\":true}]},\"input_text\":{\"type\":\"any\",\"status\":true,\"conditions\":[{\"field\":\"input_radio_4\",\"value\":\"S\\u00ed\",\"operator\":\"=\"}],\"condition_groups\":[{\"rules\":[{\"field\":\"\",\"value\":\"\",\"operator\":\"\"}],\"title\":\"\",\"isEditingTitle\":false,\"isPreviewOpen\":false,\"isGroupOpen\":true}]},\"input_radio_5\":{\"type\":\"any\",\"status\":true,\"conditions\":[{\"field\":\"checkbox\",\"value\":\"Acepto\",\"operator\":\"=\"}],\"condition_groups\":[{\"rules\":[{\"field\":\"\",\"value\":\"\",\"operator\":\"\"}],\"title\":\"\",\"isEditingTitle\":false,\"isPreviewOpen\":false,\"isGroupOpen\":true}]},\"input_radio_6\":{\"type\":\"any\",\"status\":true,\"conditions\":[{\"field\":\"checkbox\",\"value\":\"Acepto\",\"operator\":\"=\"}],\"condition_groups\":[{\"rules\":[{\"field\":\"\",\"value\":\"\",\"operator\":\"\"}],\"title\":\"\",\"isEditingTitle\":false,\"isPreviewOpen\":false,\"isGroupOpen\":true}]},\"input_radio_7\":{\"type\":\"any\",\"status\":true,\"conditions\":[{\"field\":\"checkbox\",\"value\":\"Acepto\",\"operator\":\"=\"}],\"condition_groups\":[{\"rules\":[{\"field\":\"\",\"value\":\"\",\"operator\":\"\"}],\"title\":\"\",\"isEditingTitle\":false,\"isPreviewOpen\":false,\"isGroupOpen\":true}]},\"custom_html-7_1\":{\"type\":\"any\",\"status\":true,\"conditions\":[{\"field\":\"checkbox\",\"value\":\"Acepto\",\"operator\":\"=\"}],\"condition_groups\":[{\"rules\":[{\"field\":\"\",\"value\":\"\",\"operator\":\"\"}],\"title\":\"\",\"isEditingTitle\":false,\"isPreviewOpen\":false,\"isGroupOpen\":true}]}}};\n                            <\/script>\n            <\/div>\n\t\t\t\t\t\t<\/div>\n\t\t\t\t\t<\/div>\n\t\t\t\t<\/div>\n\t\t\t\t<\/div>\n\t\t","protected":false},"excerpt":{"rendered":"","protected":false},"author":2,"featured_media":0,"parent":0,"menu_order":0,"comment_status":"closed","ping_status":"closed","template":"","meta":{"apbe_headline":"","apbe_seo_keywords":"","apbe_slug":"","apbe_summary":"","apbe_social":"","footnotes":""},"class_list":["post-833","page","type-page","status-publish","hentry"],"_links":{"self":[{"href":"https:\/\/diversiahealth.com\/es\/wp-json\/wp\/v2\/pages\/833","targetHints":{"allow":["GET"]}}],"collection":[{"href":"https:\/\/diversiahealth.com\/es\/wp-json\/wp\/v2\/pages"}],"about":[{"href":"https:\/\/diversiahealth.com\/es\/wp-json\/wp\/v2\/types\/page"}],"author":[{"embeddable":true,"href":"https:\/\/diversiahealth.com\/es\/wp-json\/wp\/v2\/users\/2"}],"replies":[{"embeddable":true,"href":"https:\/\/diversiahealth.com\/es\/wp-json\/wp\/v2\/comments?post=833"}],"version-history":[{"count":7,"href":"https:\/\/diversiahealth.com\/es\/wp-json\/wp\/v2\/pages\/833\/revisions"}],"predecessor-version":[{"id":840,"href":"https:\/\/diversiahealth.com\/es\/wp-json\/wp\/v2\/pages\/833\/revisions\/840"}],"wp:attachment":[{"href":"https:\/\/diversiahealth.com\/es\/wp-json\/wp\/v2\/media?parent=833"}],"curies":[{"name":"wp","href":"https:\/\/api.w.org\/{rel}","templated":true}]}}