{"id":627,"date":"2025-08-01T12:43:45","date_gmt":"2025-08-01T12:43:45","guid":{"rendered":"https:\/\/diversiahealth.com\/?page_id=627"},"modified":"2025-08-01T19:41:47","modified_gmt":"2025-08-01T19:41:47","slug":"register-2","status":"publish","type":"page","link":"https:\/\/diversiahealth.com\/es\/register-2\/","title":{"rendered":"Register Ambassador"},"content":{"rendered":"<div data-elementor-type=\"wp-page\" data-elementor-id=\"627\" class=\"elementor elementor-627\" data-elementor-post-type=\"page\">\n\t\t\t\t<div class=\"elementor-element elementor-element-4493cc6 e-flex e-con-boxed magic-button-disabled-no e-con e-parent\" data-id=\"4493cc6\" data-element_type=\"container\" data-e-type=\"container\">\n\t\t\t\t\t<div class=\"e-con-inner\">\n\t\t\t\t<div class=\"elementor-element elementor-element-88d2a6d elementor-widget elementor-widget-spacer\" data-id=\"88d2a6d\" data-element_type=\"widget\" data-e-type=\"widget\" data-widget_type=\"spacer.default\">\n\t\t\t\t\t\t\t<div class=\"elementor-spacer\">\n\t\t\t<div class=\"elementor-spacer-inner\"><\/div>\n\t\t<\/div>\n\t\t\t\t\t\t<\/div>\n\t\t\t\t\t<\/div>\n\t\t\t\t<\/div>\n\t\t<div class=\"elementor-element elementor-element-b119d1c e-con-full animated-fast e-flex magic-button-disabled-no elementor-invisible e-con e-parent\" data-id=\"b119d1c\" data-element_type=\"container\" data-e-type=\"container\" data-settings=\"{&quot;background_background&quot;:&quot;classic&quot;,&quot;animation&quot;:&quot;bounceIn&quot;}\">\n\t\t<div class=\"elementor-element elementor-element-acc8bc7 e-grid e-con-boxed magic-button-disabled-no e-con e-child\" data-id=\"acc8bc7\" data-element_type=\"container\" data-e-type=\"container\">\n\t\t\t\t\t<div class=\"e-con-inner\">\n\t\t<div class=\"elementor-element elementor-element-525b8bf e-con-full e-flex magic-button-disabled-no e-con e-child\" data-id=\"525b8bf\" data-element_type=\"container\" data-e-type=\"container\">\n\t\t\t\t<div class=\"elementor-element elementor-element-d8addcf elementor-widget elementor-widget-html\" data-id=\"d8addcf\" data-element_type=\"widget\" data-e-type=\"widget\" data-widget_type=\"html.default\">\n\t\t\t\t\t<a href=\"javascript:history.back()\" class=\"hover-blue-black\" style=\"color: #F37021; font-weight: 700; text-decoration: none; font-family: 'Montserrat', sans-serif;\">\n  \u2190 Volver\n<\/a>\n\n\n\t\t\t\t<\/div>\n\t\t\t\t<\/div>\n\t\t\t\t<div class=\"elementor-element elementor-element-e1f493e elementor-align-right elementor-widget elementor-widget-button\" data-id=\"e1f493e\" data-element_type=\"widget\" data-e-type=\"widget\" data-widget_type=\"button.default\">\n\t\t\t\t\t\t\t\t\t\t<a class=\"elementor-button elementor-button-link elementor-size-sm elementor-animation-grow\" href=\"#\">\n\t\t\t\t\t\t<span class=\"elementor-button-content-wrapper\">\n\t\t\t\t\t\t\t\t\t<span class=\"elementor-button-text\">Acceso<\/span>\n\t\t\t\t\t<\/span>\n\t\t\t\t\t<\/a>\n\t\t\t\t\t\t\t\t<\/div>\n\t\t\t\t\t<\/div>\n\t\t\t\t<\/div>\n\t\t<div class=\"elementor-element elementor-element-a9907e7 e-grid e-con-full magic-button-disabled-no e-con e-child\" data-id=\"a9907e7\" data-element_type=\"container\" data-e-type=\"container\">\n\t\t\t\t<div class=\"elementor-element elementor-element-83d3841 elementor-widget elementor-widget-html\" data-id=\"83d3841\" data-element_type=\"widget\" data-e-type=\"widget\" data-widget_type=\"html.default\">\n\t\t\t\t\t<a href=\"https:\/\/diversiahealth.com\/es\/?page_id=519\" class=\"hover-blue-black\" style=\"color: #0C1037; font-weight: 700; text-decoration: none; font-family: 'Montserrat', sans-serif;\">\n  Convi\u00e9rtete en paciente\n<\/a>\n\t\t\t\t<\/div>\n\t\t\t\t<div class=\"elementor-element elementor-element-d7f69bc elementor-widget elementor-widget-html\" data-id=\"d7f69bc\" data-element_type=\"widget\" data-e-type=\"widget\" data-widget_type=\"html.default\">\n\t\t\t\t\t<span style=\"color: #F37021; font-weight: 700; border-bottom: 3px solid #F37021; padding-bottom: 4px;\">\n  Convi\u00e9rtete en embajador\n<\/span>\n\t\t\t\t<\/div>\n\t\t\t\t<\/div>\n\t\t\t\t<div class=\"elementor-element elementor-element-4f677dc elementor-widget elementor-widget-spacer\" data-id=\"4f677dc\" data-element_type=\"widget\" data-e-type=\"widget\" data-widget_type=\"spacer.default\">\n\t\t\t\t\t\t\t<div class=\"elementor-spacer\">\n\t\t\t<div class=\"elementor-spacer-inner\"><\/div>\n\t\t<\/div>\n\t\t\t\t\t\t<\/div>\n\t\t\t\t<div class=\"elementor-element elementor-element-c8854ea elementor-widget elementor-widget-heading\" data-id=\"c8854ea\" data-element_type=\"widget\" data-e-type=\"widget\" data-widget_type=\"heading.default\">\n\t\t\t\t\t<h2 class=\"elementor-heading-title elementor-size-default\"><div style=\"text-align: center;font-family: 'Montserrat', sans-serif;line-height: 1.2\">\n  <div style=\"font-size: 30px;color: #0C1037;font-weight: 600\">\n    Reg\u00edstrate y\n  <\/div>\n  <div style=\"font-size: 60px;font-weight: 800;color: #0C1037;text-transform: uppercase\">\n    Convi\u00e9rtete en un\n  <\/div>\n  <div style=\"font-size: 80px;font-weight: 800;color: #F37021;text-transform: uppercase\">\n    Embajador\n  <\/div>\n<\/div><\/h2>\t\t\t\t<\/div>\n\t\t\t\t<div class=\"elementor-element elementor-element-384f69c .um.um-registration elementor-widget elementor-widget-shortcode\" data-id=\"384f69c\" data-element_type=\"widget\" data-e-type=\"widget\" data-widget_type=\"shortcode.default\">\n\t\t\t\t\t\t\t<div class=\"elementor-shortcode\">\n<div class=\"um um-register um-625\">\n\t<div class=\"um-form\" data-mode=\"register\">\n\t\t<form method=\"post\" action=\"\" data-trp-original-action=\"\">\n\t\t\t<div class=\"um-row _um_row_1  um-customized-row\" style=\"padding: 0px 0px 0px 0px;margin: 0px 0px 30px 0px;border-width: 0px 0px 0px 0px;border-style: solid;border-color: #f37021;border-radius: 0px;color: #f37021 !important;\"><div class=\"um-col-121\"><div  id=\"um_field_625_first_name\" class=\"um-field um-field-text  um-field-first_name um-field-text um-field-type_text\" data-key=\"first_name\"><div class=\"um-field-label\"><label for=\"first_name-625\">Nombre de pila<\/label><div class=\"um-clear\"><\/div><\/div><div class=\"um-field-area\"><input  autocomplete=\"off\" class=\"um-form-field valid\" type=\"text\" name=\"first_name-625\" id=\"first_name-625\" value=\"\" placeholder=\"\" data-validate=\"\" data-key=\"first_name\"  aria-invalid=\"false\" \/>\n\n\t\t\t\t\t\t<\/div><\/div><div  id=\"um_field_625_last_name\" class=\"um-field um-field-text  um-field-last_name um-field-text um-field-type_text\" data-key=\"last_name\"><div class=\"um-field-label\"><label for=\"last_name-625\">Apellido<\/label><div class=\"um-clear\"><\/div><\/div><div class=\"um-field-area\"><input  autocomplete=\"off\" class=\"um-form-field valid\" type=\"text\" name=\"last_name-625\" id=\"last_name-625\" value=\"\" placeholder=\"\" data-validate=\"\" data-key=\"last_name\"  aria-invalid=\"false\" \/>\n\n\t\t\t\t\t\t<\/div><\/div><div  id=\"um_field_625_user_email\" class=\"um-field um-field-text  um-field-user_email um-field-text um-field-type_text\" data-key=\"user_email\"><div class=\"um-field-label\"><label for=\"user_email-625\">E-mail Address<\/label><div class=\"um-clear\"><\/div><\/div><div class=\"um-field-area\"><input  autocomplete=\"off\" class=\"um-form-field valid\" type=\"text\" name=\"user_email-625\" id=\"user_email-625\" value=\"\" placeholder=\"\" data-validate=\"unique_email\" data-key=\"user_email\"  aria-invalid=\"false\" \/>\n\n\t\t\t\t\t\t<\/div><\/div><div  id=\"um_field_625_user_password\" class=\"um-field um-field-password  um-field-user_password um-field-password um-field-type_password\" data-key=\"user_password\"><div class=\"um-field-label\"><label for=\"user_password-625\">Password<span class=\"um-req\" title=\"Required\">*<\/span><\/label><div class=\"um-clear\"><\/div><\/div><div class=\"um-field-area\"><div class=\"um-field-area-password\">\n\t\t\t\t\t\t\t\t\t<input class=\"um-form-field valid\" type=\"password\" name=\"user_password-625\" id=\"user_password-625\" value=\"\" placeholder=\"\" data-validate=\"\" data-key=\"user_password\"  aria-invalid=\"false\" \/>\n\t\t\t\t\t\t\t\t\t<span class=\"um-toggle-password\"><i class=\"um-icon-eye\"><\/i><\/span>\n\t\t\t\t\t\t\t\t<\/div>\n\t\t\t\t\t\t\t<\/div><\/div><div  id=\"um_field_625_confirm_user_password\" class=\"um-field um-field-password  um-field-user_password um-field-password um-field-type_password\" data-key=\"confirm_user_password\"><div class=\"um-field-label\"><label for=\"confirm_user_password-625\">Confirm Password<span class=\"um-req\" title=\"Required\">*<\/span><\/label><div class=\"um-clear\"><\/div><\/div><div class=\"um-field-area\"><div class=\"um-field-area-password\"><input class=\"um-form-field valid\" type=\"password\" name=\"confirm_user_password-625\" id=\"confirm_user_password-625\" value=\"\" placeholder=\"Confirm Password\" data-validate=\"\" data-key=\"confirm_user_password\"  aria-invalid=\"false\" \/><span class=\"um-toggle-password\"><i class=\"um-icon-eye\"><\/i><\/span><\/div><\/div><\/div><div  id=\"um_field_625_phone_number\" class=\"um-field um-field-tel  um-field-phone_number um-field-tel um-field-type_tel\" data-key=\"phone_number\"><div class=\"um-field-label\"><div class=\"um-field-label-icon\"><i class=\"fas fa-phone\" aria-label=\"N\u00famero de tel\u00e9fono\"><\/i><\/div><label for=\"phone_number-625\">N\u00famero de tel\u00e9fono<\/label><div class=\"um-clear\"><\/div><\/div><div class=\"um-field-area\"><input  autocomplete=\"off\" class=\"um-form-field valid\" type=\"tel\" name=\"phone_number-625\" id=\"phone_number-625\" value=\"\" placeholder=\"\" data-validate=\"phone_number\" data-key=\"phone_number\"  aria-invalid=\"false\" \/>\n\n\t\t\t\t\t\t<\/div><\/div><div  id=\"um_field_625_community\" class=\"um-field um-field-text  um-field-community um-field-text um-field-type_text\" data-key=\"community\"><div class=\"um-field-label\"><label for=\"community-625\">Community<\/label><span class=\"um-tip um-tip-w\" title=\"Enter the name of the community you belong to.\"><i class=\"um-icon-help-circled\"><\/i><\/span><div class=\"um-clear\"><\/div><\/div><div class=\"um-field-area\"><input  autocomplete=\"off\" class=\"um-form-field valid not-required\" type=\"text\" name=\"community-625\" id=\"community-625\" value=\"\" placeholder=\"Tu comunidad\" data-validate=\"\" data-key=\"community\"  aria-invalid=\"false\" \/>\n\n\t\t\t\t\t\t<\/div><\/div><div  id=\"um_field_625_affiliated_group\" class=\"um-field um-field-text  um-field-affiliated_group um-field-text um-field-type_text\" data-key=\"affiliated_group\"><div class=\"um-field-label\"><label for=\"affiliated_group-625\">Affiliated Group or Organization<\/label><span class=\"um-tip um-tip-w\" title=\"If you&#039;re affiliated with a group, nonprofit, or organization, enter it here.\"><i class=\"um-icon-help-circled\"><\/i><\/span><div class=\"um-clear\"><\/div><\/div><div class=\"um-field-area\"><input  autocomplete=\"off\" class=\"um-form-field valid not-required\" type=\"text\" name=\"affiliated_group-625\" id=\"affiliated_group-625\" value=\"\" placeholder=\"Nombre de la organizaci\u00f3n\" data-validate=\"\" data-key=\"affiliated_group\"  aria-invalid=\"false\" \/>\n\n\t\t\t\t\t\t<\/div><\/div><div  id=\"um_field_625_pueblo\" class=\"um-field um-field-select  um-field-pueblo um-field-select um-field-type_select\" data-key=\"pueblo\"><div class=\"um-field-label\"><label for=\"pueblo-625\">Pueblo<\/label><div class=\"um-clear\"><\/div><\/div><div class=\"um-field-area\"><select data-default=\"\"     name=\"pueblo\" id=\"pueblo\" data-validate=\"\" data-key=\"pueblo\" class=\"um-form-field valid not-required um-s1\" style=\"width: 100%\" data-placeholder=\"\"   aria-invalid=\"false\" ><option value=\"\"><\/option><option value=\"Adjuntas\" >Adjuntas<\/option><option value=\"Aguada\" >Aguada<\/option><option value=\"Aguadilla\" >Aguadilla<\/option><option value=\"Aguas Buenas\" >Aguas Buenas<\/option><option value=\"Aibonito\" >Aibonito<\/option><option value=\"Arecibo\" >Arecibo<\/option><option value=\"Arroyo\" >Cauce seco de un r\u00edo<\/option><option value=\"A\u00f1asco\" >A\u00f1asco<\/option><option value=\"Barceloneta\" >Barceloneta<\/option><option value=\"Barranquitas\" >Barranquitas<\/option><option value=\"Bayam\u00f3n\" >Bayam\u00f3n<\/option><option value=\"Cabo Rojo\" >Cabo Rojo<\/option><option value=\"Caguas\" >Caguas<\/option><option value=\"Camuy\" >Camuy<\/option><option value=\"Can\u00f3vanas\" >Can\u00f3vanas<\/option><option value=\"Carolina\" >Carolina<\/option><option value=\"Cata\u00f1o\" >Cata\u00f1o<\/option><option value=\"Cayey\" >Cayey<\/option><option value=\"Ceiba\" >Ceiba<\/option><option value=\"Ciales\" >Ciales<\/option><option value=\"Cidra\" >Cidra<\/option><option value=\"Coamo\" >Coamo<\/option><option value=\"Comer\u00edo\" >Comer\u00edo<\/option><option value=\"Corozal\" >Corozal<\/option><option value=\"Culebra\" >Culebra<\/option><option value=\"Dorado\" >Dorado<\/option><option value=\"Fajardo\" >Fajardo<\/option><option value=\"Florida\" >Florida<\/option><option value=\"Guayama\" >Guayama<\/option><option value=\"Guayanilla\" >Guayanilla<\/option><option value=\"Guaynabo\" >Guaynabo<\/option><option value=\"Gurabo\" >gurabo<\/option><option value=\"Gu\u00e1nica\" >Gu\u00e1nica<\/option><option value=\"Hatillo\" >Hatillo<\/option><option value=\"Hormigueros\" >Hormigueros<\/option><option value=\"Humacao\" >Humacao<\/option><option value=\"Isabela\" >Isabela<\/option><option value=\"Jayuya\" >Jayuya<\/option><option value=\"Juana D\u00edaz\" >Juana D\u00edaz<\/option><option value=\"Juncos\" >Juncos<\/option><option value=\"Lajas\" >Lajas<\/option><option value=\"Lares\" >Lares<\/option><option value=\"Las Mar\u00edas\" >Las Mar\u00edas<\/option><option value=\"Las Piedras\" >Las Piedras<\/option><option value=\"Loiza\" >Loiza<\/option><option value=\"Luquillo\" >Luquillo<\/option><option value=\"Manat\u00ed\" >Manat\u00ed<\/option><option value=\"Maricao\" >Maricao<\/option><option value=\"Maunabo\" >Maunabo<\/option><option value=\"Mayag\u00fcez\" >Mayag\u00fcez<\/option><option value=\"Moca\" >Moca<\/option><option value=\"Morovis\" >Morovis<\/option><option value=\"Naguabo\" >Naguabo<\/option><option value=\"Naranjito\" >Naranjito<\/option><option value=\"Orocovis\" >Orocovis<\/option><option value=\"Patillas\" >Patillas<\/option><option value=\"Pe\u00f1uelas\" >Pe\u00f1uelas<\/option><option value=\"Ponce\" >Ponce<\/option><option value=\"Quebradillas\" >Quebradillas<\/option><option value=\"Rinc\u00f3n\" >Rinc\u00f3n<\/option><option value=\"Rio Grande\" >Rio Grande<\/option><option value=\"Sabana Grande\" >Sabana Grande<\/option><option value=\"Salinas\" >Salinas<\/option><option value=\"San Germ\u00e1n\" >San Germ\u00e1n<\/option><option value=\"San Juan\" >San Juan<\/option><option value=\"San Lorenzo\" >San Lorenzo<\/option><option value=\"San Sebasti\u00e1n\" >San Sebasti\u00e1n<\/option><option value=\"Santa Isabel\" >Santa Isabel<\/option><option value=\"Toa Alta\" >Toa Alta<\/option><option value=\"Toa Baja\" >Toa Baja<\/option><option value=\"Trujillo Alto\" >Trujillo Alto<\/option><option value=\"Utuado\" >Utuado<\/option><option value=\"Vega Alta\" >Vega Alta<\/option><option value=\"Vega Baja\" >Vega Baja<\/option><option value=\"Vieques\" >Vieques<\/option><option value=\"Villalba\" >Villalba<\/option><option value=\"Yabucoa\" >Yabucoa<\/option><option value=\"Yauco\" >Yauco<\/option><\/select><\/div><\/div><\/div><div class=\"um-col-122\"><\/div><div class=\"um-clear\"><\/div><\/div>\t<input type=\"hidden\" name=\"form_id\" id=\"form_id_625\" value=\"625\" \/>\n\t\t<p class=\"um_request_name\">\n\t\t<label for=\"um_request_625\">Only fill in if you are not human<\/label>\n\t\t<input type=\"hidden\" name=\"um_request\" id=\"um_request_625\" class=\"input\" value=\"\" size=\"25\" autocomplete=\"off\" \/>\n\t<\/p>\n\t<input type=\"hidden\" id=\"_wpnonce\" name=\"_wpnonce\" value=\"76ad081fbc\" \/><input type=\"hidden\" name=\"_wp_http_referer\" value=\"\/es\/wp-json\/wp\/v2\/pages\/627\" \/>\n\t<div class=\"um-col-alt\">\n\n\t\t\n\t\t\t<div class=\"um-center\">\n\t\t\t\t<input type=\"submit\" value=\"Registro\" class=\"um-button\" id=\"um-submit-btn\" \/>\n\t\t\t<\/div>\n\n\t\t\n\t\t<div class=\"um-clear\"><\/div>\n\n\t<\/div>\n\n\t\t\t<input type=\"hidden\" name=\"trp-form-language\" value=\"es\"\/><\/form>\n\t<\/div>\n<\/div>\n<style>\n\t\t\t.um-625.um {\n\t\t\tmax-width: 450px;\n\t\t}\n\t\t<\/style>\n<\/div>\n\t\t\t\t\t\t<\/div>\n\t\t\t\t<div class=\"elementor-element elementor-element-68075f7 elementor-widget elementor-widget-spacer\" data-id=\"68075f7\" data-element_type=\"widget\" data-e-type=\"widget\" data-widget_type=\"spacer.default\">\n\t\t\t\t\t\t\t<div class=\"elementor-spacer\">\n\t\t\t<div class=\"elementor-spacer-inner\"><\/div>\n\t\t<\/div>\n\t\t\t\t\t\t<\/div>\n\t\t\t\t<div class=\"elementor-element elementor-element-e5e2cc3 elementor-widget elementor-widget-text-editor\" data-id=\"e5e2cc3\" data-element_type=\"widget\" data-e-type=\"widget\" data-widget_type=\"text-editor.default\">\n\t\t\t\t\t\t\t\t\t<p><strong>Gracias<\/strong> Por su inter\u00e9s en participar en los tratamientos innovadores que ofrecemos a trav\u00e9s de nuestro sistema. Uno de nuestros especialistas se pondr\u00e1 en contacto con usted lo antes posible para procesar su precalificaci\u00f3n, brindarle orientaci\u00f3n y responder a cualquier pregunta que pueda tener sobre los estudios cl\u00ednicos disponibles.<\/p>\t\t\t\t\t\t\t\t<\/div>\n\t\t\t\t<\/div>\n\t\t<div class=\"elementor-element elementor-element-5f42af1 e-flex e-con-boxed magic-button-disabled-no e-con e-parent\" data-id=\"5f42af1\" data-element_type=\"container\" data-e-type=\"container\">\n\t\t\t\t\t<div class=\"e-con-inner\">\n\t\t\t\t<div class=\"elementor-element elementor-element-b19afd1 elementor-widget elementor-widget-spacer\" data-id=\"b19afd1\" data-element_type=\"widget\" data-e-type=\"widget\" data-widget_type=\"spacer.default\">\n\t\t\t\t\t\t\t<div class=\"elementor-spacer\">\n\t\t\t<div class=\"elementor-spacer-inner\"><\/div>\n\t\t<\/div>\n\t\t\t\t\t\t<\/div>\n\t\t\t\t\t<\/div>\n\t\t\t\t<\/div>\n\t\t\t\t<\/div>","protected":false},"excerpt":{"rendered":"<p>\u2190 Back Login Become a Patient Become an Ambassador sign up and Become a Ambassador Thank you for your interest in participating in the innovative treatments we offer through our system. One of our specialists will contact you as soon as possible to process your pre-qualification, provide guidance, and answer any questions you may have [&hellip;]<\/p>\n","protected":false},"author":2,"featured_media":0,"parent":0,"menu_order":0,"comment_status":"closed","ping_status":"closed","template":"","meta":{"apbe_headline":"","apbe_seo_keywords":"","apbe_slug":"","apbe_summary":"","apbe_social":"","footnotes":""},"class_list":["post-627","page","type-page","status-publish","hentry"],"_links":{"self":[{"href":"https:\/\/diversiahealth.com\/es\/wp-json\/wp\/v2\/pages\/627","targetHints":{"allow":["GET"]}}],"collection":[{"href":"https:\/\/diversiahealth.com\/es\/wp-json\/wp\/v2\/pages"}],"about":[{"href":"https:\/\/diversiahealth.com\/es\/wp-json\/wp\/v2\/types\/page"}],"author":[{"embeddable":true,"href":"https:\/\/diversiahealth.com\/es\/wp-json\/wp\/v2\/users\/2"}],"replies":[{"embeddable":true,"href":"https:\/\/diversiahealth.com\/es\/wp-json\/wp\/v2\/comments?post=627"}],"version-history":[{"count":26,"href":"https:\/\/diversiahealth.com\/es\/wp-json\/wp\/v2\/pages\/627\/revisions"}],"predecessor-version":[{"id":739,"href":"https:\/\/diversiahealth.com\/es\/wp-json\/wp\/v2\/pages\/627\/revisions\/739"}],"wp:attachment":[{"href":"https:\/\/diversiahealth.com\/es\/wp-json\/wp\/v2\/media?parent=627"}],"curies":[{"name":"wp","href":"https:\/\/api.w.org\/{rel}","templated":true}]}}