{"id":23,"date":"2025-07-23T20:40:33","date_gmt":"2025-07-23T20:40:33","guid":{"rendered":"https:\/\/diversiahealth.com\/index.php\/our-story\/"},"modified":"2025-11-28T13:43:33","modified_gmt":"2025-11-28T13:43:33","slug":"our-story","status":"publish","type":"page","link":"https:\/\/diversiahealth.com\/es\/our-story\/","title":{"rendered":"Sobre nosotros"},"content":{"rendered":"<div data-elementor-type=\"wp-page\" data-elementor-id=\"23\" class=\"elementor elementor-23\" data-elementor-post-type=\"page\">\n\t\t\t\t<div class=\"elementor-element elementor-element-c2417e8 e-flex e-con-boxed magic-button-disabled-no e-con e-parent\" data-id=\"c2417e8\" data-element_type=\"container\" data-e-type=\"container\" data-settings=\"{&quot;background_background&quot;:&quot;classic&quot;,&quot;shape_divider_bottom&quot;:&quot;waves&quot;,&quot;shape_divider_bottom_negative&quot;:&quot;yes&quot;}\">\n\t\t\t\t\t<div class=\"e-con-inner\">\n\t\t\t\t<div class=\"elementor-shape elementor-shape-bottom\" aria-hidden=\"true\" data-negative=\"true\">\n\t\t\t<svg xmlns=\"http:\/\/www.w3.org\/2000\/svg\" viewbox=\"0 0 1000 100\" preserveaspectratio=\"none\">\n\t<path class=\"elementor-shape-fill\" d=\"M790.5,93.1c-59.3-5.3-116.8-18-192.6-50c-29.6-12.7-76.9-31-100.5-35.9c-23.6-4.9-52.6-7.8-75.5-5.3\tc-10.2,1.1-22.6,1.4-50.1,7.4c-27.2,6.3-58.2,16.6-79.4,24.7c-41.3,15.9-94.9,21.9-134,22.6C72,58.2,0,25.8,0,25.8V100h1000V65.3\tc0,0-51.5,19.4-106.2,25.7C839.5,97,814.1,95.2,790.5,93.1z\"\/>\n<\/svg>\t\t<\/div>\n\t\t\t\t<div class=\"elementor-element elementor-element-a472dda elementor-widget__width-inherit elementor-widget elementor-widget-heading\" data-id=\"a472dda\" data-element_type=\"widget\" data-e-type=\"widget\" data-widget_type=\"heading.default\">\n\t\t\t\t\t<h2 class=\"elementor-heading-title elementor-size-default\">Sobre nosotros<\/h2>\t\t\t\t<\/div>\n\t\t\t\t\t<\/div>\n\t\t\t\t<\/div>\n\t\t<div class=\"elementor-element elementor-element-1878f2b e-flex e-con-boxed magic-button-disabled-no e-con e-parent\" data-id=\"1878f2b\" data-element_type=\"container\" data-e-type=\"container\">\n\t\t\t\t\t<div class=\"e-con-inner\">\n\t\t\t\t<div class=\"elementor-element elementor-element-24fe80b elementor-widget elementor-widget-spacer\" data-id=\"24fe80b\" data-element_type=\"widget\" data-e-type=\"widget\" data-widget_type=\"spacer.default\">\n\t\t\t\t\t\t\t<div class=\"elementor-spacer\">\n\t\t\t<div class=\"elementor-spacer-inner\"><\/div>\n\t\t<\/div>\n\t\t\t\t\t\t<\/div>\n\t\t\t\t<div class=\"elementor-element elementor-element-e50faf1 elementor-widget elementor-widget-heading\" data-id=\"e50faf1\" data-element_type=\"widget\" data-e-type=\"widget\" data-widget_type=\"heading.default\">\n\t\t\t\t\t<h2 class=\"elementor-heading-title elementor-size-default\"><span style=\"color: #F26522;font-weight: 700;text-transform: uppercase\">\u00bfPOR QU\u00c9 ESTAMOS AQU\u00cd?<\/span><br>\n<span style=\"color: #111340;font-weight: 700;text-transform: uppercase\">PARA TI.<\/span>\n<\/h2>\t\t\t\t<\/div>\n\t\t\t\t<div class=\"elementor-element elementor-element-2b85157 elementor-widget elementor-widget-spacer\" data-id=\"2b85157\" data-element_type=\"widget\" data-e-type=\"widget\" data-widget_type=\"spacer.default\">\n\t\t\t\t\t\t\t<div class=\"elementor-spacer\">\n\t\t\t<div class=\"elementor-spacer-inner\"><\/div>\n\t\t<\/div>\n\t\t\t\t\t\t<\/div>\n\t\t\t\t\t<\/div>\n\t\t\t\t<\/div>\n\t\t<div class=\"elementor-element elementor-element-5b4213a e-flex e-con-boxed magic-button-disabled-no e-con e-parent\" data-id=\"5b4213a\" data-element_type=\"container\" data-e-type=\"container\">\n\t\t\t\t\t<div class=\"e-con-inner\">\n\t\t<div class=\"elementor-element elementor-element-ab86cdd e-con-full e-flex magic-button-disabled-no e-con e-child\" data-id=\"ab86cdd\" data-element_type=\"container\" data-e-type=\"container\">\n\t\t\t\t<div class=\"elementor-element elementor-element-f0eec18 elementor-invisible elementor-widget elementor-widget-heading\" data-id=\"f0eec18\" data-element_type=\"widget\" data-e-type=\"widget\" data-settings=\"{&quot;_animation&quot;:&quot;fadeInUp&quot;}\" data-widget_type=\"heading.default\">\n\t\t\t\t\t<h2 class=\"elementor-heading-title elementor-size-default\">Visi\u00f3n<\/h2>\t\t\t\t<\/div>\n\t\t\t\t<div class=\"elementor-element elementor-element-5ddd51a elementor-invisible elementor-widget elementor-widget-text-editor\" data-id=\"5ddd51a\" data-element_type=\"widget\" data-e-type=\"widget\" data-settings=\"{&quot;_animation&quot;:&quot;fadeInLeft&quot;}\" data-widget_type=\"text-editor.default\">\n\t\t\t\t\t\t\t\t\t<p>Ser la plataforma l\u00edder que conecta a las comunidades latinas y puertorrique\u00f1as con investigaci\u00f3n cl\u00ednica innovadora, permitiendo un futuro m\u00e1s inclusivo, receptivo y equitativo en la ciencia y la medicina.<\/p><p>Visualizamos un mundo donde la diversidad sea el centro de cada avance cl\u00ednico.<\/p>\t\t\t\t\t\t\t\t<\/div>\n\t\t\t\t<\/div>\n\t\t<div class=\"elementor-element elementor-element-40a31f6 e-con-full e-flex magic-button-disabled-no e-con e-child\" data-id=\"40a31f6\" data-element_type=\"container\" data-e-type=\"container\">\n\t\t\t\t<div class=\"elementor-element elementor-element-e44e775 elementor-invisible elementor-widget elementor-widget-image\" data-id=\"e44e775\" data-element_type=\"widget\" data-e-type=\"widget\" data-settings=\"{&quot;_animation&quot;:&quot;fadeInRight&quot;}\" data-widget_type=\"image.default\">\n\t\t\t\t\t\t\t\t\t\t\t\t\t\t\t<img fetchpriority=\"high\" decoding=\"async\" width=\"2560\" height=\"1440\" src=\"https:\/\/diversiahealth.com\/wp-content\/uploads\/2025\/11\/4-scaled.png\" class=\"attachment-full size-full wp-image-1169\" alt=\"\" srcset=\"https:\/\/diversiahealth.com\/wp-content\/uploads\/2025\/11\/4-scaled.png 2560w, https:\/\/diversiahealth.com\/wp-content\/uploads\/2025\/11\/4-300x169.png 300w, https:\/\/diversiahealth.com\/wp-content\/uploads\/2025\/11\/4-1024x576.png 1024w, https:\/\/diversiahealth.com\/wp-content\/uploads\/2025\/11\/4-768x432.png 768w, https:\/\/diversiahealth.com\/wp-content\/uploads\/2025\/11\/4-1536x864.png 1536w, https:\/\/diversiahealth.com\/wp-content\/uploads\/2025\/11\/4-2048x1152.png 2048w, https:\/\/diversiahealth.com\/wp-content\/uploads\/2025\/11\/4-18x10.png 18w\" sizes=\"(max-width: 2560px) 100vw, 2560px\" \/>\t\t\t\t\t\t\t\t\t\t\t\t\t\t\t<\/div>\n\t\t\t\t<div class=\"elementor-element elementor-element-1eb065a elementor-widget elementor-widget-spacer\" data-id=\"1eb065a\" data-element_type=\"widget\" data-e-type=\"widget\" data-widget_type=\"spacer.default\">\n\t\t\t\t\t\t\t<div class=\"elementor-spacer\">\n\t\t\t<div class=\"elementor-spacer-inner\"><\/div>\n\t\t<\/div>\n\t\t\t\t\t\t<\/div>\n\t\t\t\t<\/div>\n\t\t\t\t\t<\/div>\n\t\t\t\t<\/div>\n\t\t<div class=\"elementor-element elementor-element-369d861 e-flex e-con-boxed magic-button-disabled-no e-con e-parent\" data-id=\"369d861\" data-element_type=\"container\" data-e-type=\"container\" data-settings=\"{&quot;background_background&quot;:&quot;classic&quot;}\">\n\t\t\t\t\t<div class=\"e-con-inner\">\n\t\t<div class=\"elementor-element elementor-element-e9dea30 e-con-full e-flex magic-button-disabled-no e-con e-child\" data-id=\"e9dea30\" data-element_type=\"container\" data-e-type=\"container\">\n\t\t\t\t<div class=\"elementor-element elementor-element-1e52349 elementor-invisible elementor-widget elementor-widget-image\" data-id=\"1e52349\" data-element_type=\"widget\" data-e-type=\"widget\" data-settings=\"{&quot;_animation&quot;:&quot;fadeIn&quot;}\" data-widget_type=\"image.default\">\n\t\t\t\t\t\t\t\t\t\t\t\t\t\t\t<img decoding=\"async\" width=\"1248\" height=\"743\" src=\"https:\/\/diversiahealth.com\/wp-content\/uploads\/2025\/10\/Gemini_Generated_Image_ozngmaozngmaozng-e1761321495502.png\" class=\"attachment-full size-full wp-image-1100\" alt=\"\" srcset=\"https:\/\/diversiahealth.com\/wp-content\/uploads\/2025\/10\/Gemini_Generated_Image_ozngmaozngmaozng-e1761321495502.png 1248w, https:\/\/diversiahealth.com\/wp-content\/uploads\/2025\/10\/Gemini_Generated_Image_ozngmaozngmaozng-e1761321495502-300x179.png 300w, https:\/\/diversiahealth.com\/wp-content\/uploads\/2025\/10\/Gemini_Generated_Image_ozngmaozngmaozng-e1761321495502-1024x610.png 1024w, https:\/\/diversiahealth.com\/wp-content\/uploads\/2025\/10\/Gemini_Generated_Image_ozngmaozngmaozng-e1761321495502-768x457.png 768w, https:\/\/diversiahealth.com\/wp-content\/uploads\/2025\/10\/Gemini_Generated_Image_ozngmaozngmaozng-e1761321495502-18x12.png 18w\" sizes=\"(max-width: 1248px) 100vw, 1248px\" \/>\t\t\t\t\t\t\t\t\t\t\t\t\t\t\t<\/div>\n\t\t\t\t<\/div>\n\t\t<div class=\"elementor-element elementor-element-4e362d2 e-con-full e-flex magic-button-disabled-no e-con e-child\" data-id=\"4e362d2\" data-element_type=\"container\" data-e-type=\"container\">\n\t\t\t\t<div class=\"elementor-element elementor-element-595f6ca elementor-invisible elementor-widget elementor-widget-heading\" data-id=\"595f6ca\" data-element_type=\"widget\" data-e-type=\"widget\" data-settings=\"{&quot;_animation&quot;:&quot;fadeInRight&quot;}\" data-widget_type=\"heading.default\">\n\t\t\t\t\t<h2 class=\"elementor-heading-title elementor-size-default\">Misi\u00f3n<\/h2>\t\t\t\t<\/div>\n\t\t\t\t<div class=\"elementor-element elementor-element-2f94195 elementor-invisible elementor-widget elementor-widget-text-editor\" data-id=\"2f94195\" data-element_type=\"widget\" data-e-type=\"widget\" data-settings=\"{&quot;_animation&quot;:&quot;fadeInUp&quot;}\" data-widget_type=\"text-editor.default\">\n\t\t\t\t\t\t\t\t\t<p>DIVERSIA Health se compromete a transformar la investigaci\u00f3n cl\u00ednica empoderando a los sitios de investigaci\u00f3n, especialmente aquellos que atienden a comunidades latinas y subrepresentadas, a trav\u00e9s de tecnolog\u00eda, alineaci\u00f3n cultural y herramientas estrat\u00e9gicas que promueven el reclutamiento inclusivo, la retenci\u00f3n y la participaci\u00f3n comunitaria.<br \/>Nos esforzamos por cerrar la brecha de representaci\u00f3n y mejorar los resultados de salud a trav\u00e9s del acceso equitativo a los ensayos cl\u00ednicos.<\/p>\t\t\t\t\t\t\t\t<\/div>\n\t\t\t\t<\/div>\n\t\t\t\t\t<\/div>\n\t\t\t\t<\/div>\n\t\t<div class=\"elementor-element elementor-element-4b6cd2fd e-con-full e-flex magic-button-disabled-no e-con e-parent\" data-id=\"4b6cd2fd\" data-element_type=\"container\" data-e-type=\"container\" data-settings=\"{&quot;background_background&quot;:&quot;classic&quot;}\">\n\t\t\t\t<div class=\"elementor-element elementor-element-5692624 animated-slow elementor-invisible elementor-widget elementor-widget-heading\" data-id=\"5692624\" data-element_type=\"widget\" data-e-type=\"widget\" data-settings=\"{&quot;_animation&quot;:&quot;slideInUp&quot;}\" data-widget_type=\"heading.default\">\n\t\t\t\t\t<h2 class=\"elementor-heading-title elementor-size-default\"><span style=\"color: #F26522;font-weight: 700\">Encontrarse<\/span> \n<span style=\"color: #000000;font-weight: 700\">Nuestros l\u00edderes<\/span><\/h2>\t\t\t\t<\/div>\n\t\t\t\t<div class=\"elementor-element elementor-element-7cc9541 elementor-widget elementor-widget-text-editor\" data-id=\"7cc9541\" data-element_type=\"widget\" data-e-type=\"widget\" data-widget_type=\"text-editor.default\">\n\t\t\t\t\t\t\t\t\t<p>Nuestro equipo combina m\u00e1s de 35 a\u00f1os de experiencia en comunicaciones sanitarias,<\/p><p>sitios de ensayos cl\u00ednicos, marketing digital y participaci\u00f3n del paciente.\u00a0<\/p>\t\t\t\t\t\t\t\t<\/div>\n\t\t<div class=\"elementor-element elementor-element-5f4e4b5b e-con-full e-flex magic-button-disabled-no e-con e-child\" data-id=\"5f4e4b5b\" data-element_type=\"container\" data-e-type=\"container\">\n\t\t<div class=\"elementor-element elementor-element-146e46b1 e-con-full e-flex magic-button-disabled-no e-con e-child\" data-id=\"146e46b1\" data-element_type=\"container\" data-e-type=\"container\">\n\t\t\t\t<div class=\"elementor-element elementor-element-7f426dc elementor-invisible elementor-widget elementor-widget-image\" data-id=\"7f426dc\" data-element_type=\"widget\" data-e-type=\"widget\" data-settings=\"{&quot;_animation&quot;:&quot;fadeInUp&quot;}\" data-widget_type=\"image.default\">\n\t\t\t\t\t\t\t\t\t\t\t\t\t\t\t<img decoding=\"async\" width=\"635\" height=\"917\" src=\"https:\/\/diversiahealth.com\/wp-content\/uploads\/2025\/07\/Angel-img-e1761321919221.webp\" class=\"attachment-full size-full wp-image-301\" alt=\"\" srcset=\"https:\/\/diversiahealth.com\/wp-content\/uploads\/2025\/07\/Angel-img-e1761321919221.webp 635w, https:\/\/diversiahealth.com\/wp-content\/uploads\/2025\/07\/Angel-img-e1761321919221-208x300.webp 208w, https:\/\/diversiahealth.com\/wp-content\/uploads\/2025\/07\/Angel-img-e1761321919221-8x12.webp 8w\" sizes=\"(max-width: 635px) 100vw, 635px\" \/>\t\t\t\t\t\t\t\t\t\t\t\t\t\t\t<\/div>\n\t\t<div class=\"elementor-element elementor-element-78e7f39a e-flex e-con-boxed magic-button-disabled-no e-con e-child\" data-id=\"78e7f39a\" data-element_type=\"container\" data-e-type=\"container\">\n\t\t\t\t\t<div class=\"e-con-inner\">\n\t\t\t\t<div class=\"elementor-element elementor-element-14b2f407 elementor-widget elementor-widget-heading\" data-id=\"14b2f407\" data-element_type=\"widget\" data-e-type=\"widget\" data-widget_type=\"heading.default\">\n\t\t\t\t\t<span class=\"elementor-heading-title elementor-size-default\"><span style=\"color: #111340;font-weight: 700\"> director ejecutivo,<\/span><br>\n<span style=\"color: #F47421;font-weight: 700\">Cofundador<\/span><\/span>\t\t\t\t<\/div>\n\t\t\t\t<div class=\"elementor-element elementor-element-105ea8e4 elementor-widget elementor-widget-heading\" data-id=\"105ea8e4\" data-element_type=\"widget\" data-e-type=\"widget\" data-widget_type=\"heading.default\">\n\t\t\t\t\t<span class=\"elementor-heading-title elementor-size-default\">\u00c1ngel Hoyos<\/span>\t\t\t\t<\/div>\n\t\t\t\t\t<\/div>\n\t\t\t\t<\/div>\n\t\t\t\t<\/div>\n\t\t<div class=\"elementor-element elementor-element-728ac84 e-con-full e-flex magic-button-disabled-no e-con e-child\" data-id=\"728ac84\" data-element_type=\"container\" data-e-type=\"container\">\n\t\t\t\t<div class=\"elementor-element elementor-element-5ea2082 elementor-invisible elementor-widget elementor-widget-image\" data-id=\"5ea2082\" data-element_type=\"widget\" data-e-type=\"widget\" data-settings=\"{&quot;_animation&quot;:&quot;fadeInUp&quot;}\" data-widget_type=\"image.default\">\n\t\t\t\t\t\t\t\t\t\t\t\t\t\t\t<img loading=\"lazy\" decoding=\"async\" width=\"628\" height=\"910\" src=\"https:\/\/diversiahealth.com\/wp-content\/uploads\/2025\/07\/yari-img-e1761321968181.webp\" class=\"attachment-full size-full wp-image-300\" alt=\"\" srcset=\"https:\/\/diversiahealth.com\/wp-content\/uploads\/2025\/07\/yari-img-e1761321968181.webp 628w, https:\/\/diversiahealth.com\/wp-content\/uploads\/2025\/07\/yari-img-e1761321968181-207x300.webp 207w, https:\/\/diversiahealth.com\/wp-content\/uploads\/2025\/07\/yari-img-e1761321968181-8x12.webp 8w\" sizes=\"(max-width: 628px) 100vw, 628px\" \/>\t\t\t\t\t\t\t\t\t\t\t\t\t\t\t<\/div>\n\t\t<div class=\"elementor-element elementor-element-9d1d6a3 e-flex e-con-boxed magic-button-disabled-no e-con e-child\" data-id=\"9d1d6a3\" data-element_type=\"container\" data-e-type=\"container\">\n\t\t\t\t\t<div class=\"e-con-inner\">\n\t\t\t\t<div class=\"elementor-element elementor-element-ab8fa38 elementor-widget elementor-widget-heading\" data-id=\"ab8fa38\" data-element_type=\"widget\" data-e-type=\"widget\" data-widget_type=\"heading.default\">\n\t\t\t\t\t<span class=\"elementor-heading-title elementor-size-default\"><span style=\"color: #111340;font-weight: 700\"> ARRULLO,<\/span><br>\n<span style=\"color: #F47421;font-weight: 700\">Cofundador<\/span><\/span>\t\t\t\t<\/div>\n\t\t\t\t<div class=\"elementor-element elementor-element-5ace0ed elementor-widget elementor-widget-heading\" data-id=\"5ace0ed\" data-element_type=\"widget\" data-e-type=\"widget\" data-widget_type=\"heading.default\">\n\t\t\t\t\t<span class=\"elementor-heading-title elementor-size-default\">Yari Rivas<\/span>\t\t\t\t<\/div>\n\t\t\t\t\t<\/div>\n\t\t\t\t<\/div>\n\t\t\t\t<\/div>\n\t\t\t\t<\/div>\n\t\t\t\t<\/div>\n\t\t<div class=\"elementor-element elementor-element-217df8b e-flex e-con-boxed magic-button-disabled-no e-con e-parent\" data-id=\"217df8b\" data-element_type=\"container\" data-e-type=\"container\">\n\t\t\t\t\t<div class=\"e-con-inner\">\n\t\t\t\t\t<\/div>\n\t\t\t\t<\/div>\n\t\t\t\t<\/div>","protected":false},"excerpt":{"rendered":"<p>About Us WHY WE\u2019RE HERE FOR YOU. Vision To be the leading platform connecting Latino and Puerto Rican communities with innovative clinical research, enabling a more inclusive, responsive, and equitable future in science and medicine. We envision a world where diversity is at the core of every clinical breakthrough Mission DIVERSIA Health is committed to [&hellip;]<\/p>\n","protected":false},"author":2,"featured_media":0,"parent":0,"menu_order":0,"comment_status":"closed","ping_status":"closed","template":"elementor_header_footer","meta":{"apbe_headline":"","apbe_seo_keywords":"","apbe_slug":"","apbe_summary":"","apbe_social":"","footnotes":""},"class_list":["post-23","page","type-page","status-publish","hentry"],"_links":{"self":[{"href":"https:\/\/diversiahealth.com\/es\/wp-json\/wp\/v2\/pages\/23","targetHints":{"allow":["GET"]}}],"collection":[{"href":"https:\/\/diversiahealth.com\/es\/wp-json\/wp\/v2\/pages"}],"about":[{"href":"https:\/\/diversiahealth.com\/es\/wp-json\/wp\/v2\/types\/page"}],"author":[{"embeddable":true,"href":"https:\/\/diversiahealth.com\/es\/wp-json\/wp\/v2\/users\/2"}],"replies":[{"embeddable":true,"href":"https:\/\/diversiahealth.com\/es\/wp-json\/wp\/v2\/comments?post=23"}],"version-history":[{"count":56,"href":"https:\/\/diversiahealth.com\/es\/wp-json\/wp\/v2\/pages\/23\/revisions"}],"predecessor-version":[{"id":1187,"href":"https:\/\/diversiahealth.com\/es\/wp-json\/wp\/v2\/pages\/23\/revisions\/1187"}],"wp:attachment":[{"href":"https:\/\/diversiahealth.com\/es\/wp-json\/wp\/v2\/media?parent=23"}],"curies":[{"name":"wp","href":"https:\/\/api.w.org\/{rel}","templated":true}]}}