{"id":1768,"date":"2026-01-27T20:31:04","date_gmt":"2026-01-27T20:31:04","guid":{"rendered":"https:\/\/diversiahealth.com\/?page_id=1768"},"modified":"2026-01-27T20:53:10","modified_gmt":"2026-01-27T20:53:10","slug":"lctc-higado-graso","status":"publish","type":"page","link":"https:\/\/diversiahealth.com\/es\/lctc-higado-graso\/","title":{"rendered":"LCTC: Higado graso"},"content":{"rendered":"\t\t<div data-elementor-type=\"wp-page\" data-elementor-id=\"1768\" class=\"elementor elementor-1768\" data-elementor-post-type=\"page\">\n\t\t\t\t<div class=\"elementor-element elementor-element-db72979 e-con-full e-flex magic-button-disabled-no e-con e-parent\" data-id=\"db72979\" data-element_type=\"container\" data-e-type=\"container\">\n\t\t<div class=\"elementor-element elementor-element-054e288 e-con-full e-flex magic-button-disabled-no e-con e-child\" data-id=\"054e288\" data-element_type=\"container\" data-e-type=\"container\">\n\t\t<div class=\"elementor-element elementor-element-d0a4b91 e-con-full e-flex magic-button-disabled-no e-con e-child\" data-id=\"d0a4b91\" data-element_type=\"container\" data-e-type=\"container\">\n\t\t<div class=\"elementor-element elementor-element-f0145cf e-con-full e-flex magic-button-disabled-no e-con e-child\" data-id=\"f0145cf\" data-element_type=\"container\" data-e-type=\"container\">\n\t\t<div class=\"elementor-element elementor-element-a0d9830 e-con-full mesh-bg e-flex magic-button-disabled-no e-con e-child\" data-id=\"a0d9830\" data-element_type=\"container\" data-e-type=\"container\" data-settings=\"{&quot;background_background&quot;:&quot;classic&quot;}\">\n\t\t<div class=\"elementor-element elementor-element-f876a95 e-con-full elementor-hidden-tablet elementor-hidden-mobile e-flex magic-button-disabled-no e-con e-child\" data-id=\"f876a95\" data-element_type=\"container\" data-e-type=\"container\" data-settings=\"{&quot;background_background&quot;:&quot;slideshow&quot;,&quot;background_slideshow_gallery&quot;:[{&quot;id&quot;:1478,&quot;url&quot;:&quot;https:\\\/\\\/diversiahealth.com\\\/wp-content\\\/uploads\\\/2025\\\/12\\\/Untitled-design-34-scaled.png&quot;},{&quot;id&quot;:1479,&quot;url&quot;:&quot;https:\\\/\\\/diversiahealth.com\\\/wp-content\\\/uploads\\\/2025\\\/12\\\/Untitled-design-35-scaled.png&quot;},{&quot;id&quot;:1000,&quot;url&quot;:&quot;https:\\\/\\\/diversiahealth.com\\\/wp-content\\\/uploads\\\/2025\\\/10\\\/WhatsApp-Image-2025-10-09-at-10.52.21-AM.jpeg&quot;},{&quot;id&quot;:985,&quot;url&quot;:&quot;https:\\\/\\\/diversiahealth.com\\\/wp-content\\\/uploads\\\/2025\\\/10\\\/WhatsApp-Image-2025-10-09-at-10.50.16-AM-5.jpeg&quot;},{&quot;id&quot;:1166,&quot;url&quot;:&quot;https:\\\/\\\/diversiahealth.com\\\/wp-content\\\/uploads\\\/2025\\\/11\\\/1-scaled.png&quot;}],&quot;background_slideshow_loop&quot;:&quot;yes&quot;,&quot;background_slideshow_slide_duration&quot;:5000,&quot;background_slideshow_slide_transition&quot;:&quot;fade&quot;,&quot;background_slideshow_transition_duration&quot;:500}\">\n\t\t<div class=\"elementor-element elementor-element-e6e4357 e-con-full e-flex magic-button-disabled-no e-con e-child\" data-id=\"e6e4357\" data-element_type=\"container\" data-e-type=\"container\">\n\t\t<div class=\"elementor-element elementor-element-909bef1 e-con-full elementor-hidden-mobile e-flex magic-button-disabled-no e-con e-child\" data-id=\"909bef1\" data-element_type=\"container\" data-e-type=\"container\">\n\t\t\t\t<div class=\"elementor-element elementor-element-d29b8d4 elementor-widget__width-initial elementor-widget elementor-widget-heading\" data-id=\"d29b8d4\" data-element_type=\"widget\" data-e-type=\"widget\" data-widget_type=\"heading.default\">\n\t\t\t\t\t<h2 class=\"elementor-heading-title elementor-size-default\">Join a Clinical Study<\/h2>\t\t\t\t<\/div>\n\t\t\t\t<div class=\"elementor-element elementor-element-34507ae elementor-widget__width-initial elementor-widget-mobile__width-initial elementor-widget elementor-widget-text-editor\" data-id=\"34507ae\" data-element_type=\"widget\" data-e-type=\"widget\" data-widget_type=\"text-editor.default\">\n\t\t\t\t\t\t\t\t\t<p>Complete the form to see if you may qualify for this<em><strong> research study.<\/strong><\/em><\/p>\t\t\t\t\t\t\t\t<\/div>\n\t\t\t\t<\/div>\n\t\t\t\t<\/div>\n\t\t\t\t<\/div>\n\t\t<div class=\"elementor-element elementor-element-46b72d4 e-flex e-con-boxed magic-button-disabled-no e-con e-child\" data-id=\"46b72d4\" data-element_type=\"container\" data-e-type=\"container\">\n\t\t\t\t\t<div class=\"e-con-inner\">\n\t\t<div class=\"elementor-element elementor-element-09e5e8f e-con-full glass-bg e-flex magic-button-disabled-no e-con e-child\" data-id=\"09e5e8f\" data-element_type=\"container\" data-e-type=\"container\">\n\t\t<div class=\"elementor-element elementor-element-aacd77c e-con-full e-flex magic-button-disabled-no e-con e-child\" data-id=\"aacd77c\" data-element_type=\"container\" data-e-type=\"container\">\n\t\t\t\t<div class=\"elementor-element elementor-element-14ed936 elementor-widget elementor-widget-spacer\" data-id=\"14ed936\" data-element_type=\"widget\" data-e-type=\"widget\" data-widget_type=\"spacer.default\">\n\t\t\t\t\t\t\t<div class=\"elementor-spacer\">\n\t\t\t<div class=\"elementor-spacer-inner\"><\/div>\n\t\t<\/div>\n\t\t\t\t\t\t<\/div>\n\t\t\t\t<div class=\"elementor-element elementor-element-7703ed9 elementor-widget elementor-widget-image\" data-id=\"7703ed9\" data-element_type=\"widget\" data-e-type=\"widget\" data-widget_type=\"image.default\">\n\t\t\t\t\t\t\t\t\t\t\t\t\t\t\t<img fetchpriority=\"high\" decoding=\"async\" width=\"800\" height=\"800\" src=\"https:\/\/diversiahealth.com\/wp-content\/uploads\/2025\/07\/diversialogop-1024x1024.png\" class=\"attachment-large size-large wp-image-108\" alt=\"\" srcset=\"https:\/\/diversiahealth.com\/wp-content\/uploads\/2025\/07\/diversialogop-1024x1024.png 1024w, https:\/\/diversiahealth.com\/wp-content\/uploads\/2025\/07\/diversialogop-300x300.png 300w, https:\/\/diversiahealth.com\/wp-content\/uploads\/2025\/07\/diversialogop-150x150.png 150w, https:\/\/diversiahealth.com\/wp-content\/uploads\/2025\/07\/diversialogop-768x768.png 768w, https:\/\/diversiahealth.com\/wp-content\/uploads\/2025\/07\/diversialogop-1536x1536.png 1536w, https:\/\/diversiahealth.com\/wp-content\/uploads\/2025\/07\/diversialogop-2048x2048.png 2048w\" sizes=\"(max-width: 800px) 100vw, 800px\" \/>\t\t\t\t\t\t\t\t\t\t\t\t\t\t\t<\/div>\n\t\t\t\t<div class=\"elementor-element elementor-element-33cbfca elementor-widget elementor-widget-heading\" data-id=\"33cbfca\" data-element_type=\"widget\" data-e-type=\"widget\" data-widget_type=\"heading.default\">\n\t\t\t\t\t<h2 class=\"elementor-heading-title elementor-size-default\">LCTC: Higado Graso<\/h2>\t\t\t\t<\/div>\n\t\t\t\t<div class=\"elementor-element elementor-element-b5163fe elementor-widget__width-initial elementor-widget elementor-widget-shortcode\" data-id=\"b5163fe\" data-element_type=\"widget\" data-e-type=\"widget\" data-widget_type=\"shortcode.default\">\n\t\t\t\t\t\t\t<div class=\"elementor-shortcode\"><div class='fluentform ff-default fluentform_wrapper_21 ffs_default_wrap'><form data-form_id=\"21\" id=\"fluentform_21\" class=\"frm-fluent-form fluent_form_21 ff-el-form-top ff_form_instance_21_1 ff-form-loading ff_calc_form ffs_default\" data-form_instance=\"ff_form_instance_21_1\" method=\"POST\" ><fieldset  style=\"border: none!important;margin: 0!important;padding: 0!important;background-color: transparent!important;box-shadow: none!important;outline: none!important; min-inline-size: 100%;\">\n                    <legend class=\"ff_screen_reader_title\" style=\"display: block; margin: 0!important;padding: 0!important;height: 0!important;text-indent: -999999px;width: 0!important;overflow:hidden;\">LCTC - HIGADO GRASO<\/legend><input type='hidden' name='__fluent_form_embded_post_id' value='1768' \/><input type=\"hidden\" id=\"_fluentform_21_fluentformnonce\" name=\"_fluentform_21_fluentformnonce\" value=\"241da46944\" \/><input type=\"hidden\" name=\"_wp_http_referer\" value=\"\/es\/wp-json\/wp\/v2\/pages\/1768\" \/><div data-type=\"name-element\" data-name=\"names\" class=\" ff-field_container ff-name-field-wrapper\" ><div class='ff-t-container'><div class='ff-t-cell '><div class='ff-el-group ff-el-form-top'><div class=\"ff-el-input--label ff-el-is-required asterisk-right\"><label for='ff_21_names_first_name_' id='label_ff_21_names_first_name_' >Nombre<\/label><\/div><div class='ff-el-input--content'><input type=\"text\" name=\"names[first_name]\" id=\"ff_21_names_first_name_\" class=\"ff-el-form-control\" placeholder=\"Nombre\" aria-invalid=\"false\" aria-required=true><\/div><\/div><\/div><div class='ff-t-cell '><div class='ff-el-group ff-el-form-top'><div class=\"ff-el-input--label ff-el-is-required asterisk-right\"><label for='ff_21_names_last_name_' id='label_ff_21_names_last_name_' >Apellidos<\/label><\/div><div class='ff-el-input--content'><input type=\"text\" name=\"names[last_name]\" id=\"ff_21_names_last_name_\" class=\"ff-el-form-control\" placeholder=\"Apellido\" aria-invalid=\"false\" aria-required=true><\/div><\/div><\/div><\/div><\/div><div class='ff-el-group'><div class=\"ff-el-input--label ff-el-is-required asterisk-right\"><label for='ff_21_phone' id='label_ff_21_phone' aria-label=\"Numero de Tel\u00e9fono\">Numero de Tel\u00e9fono<\/label><\/div><div class='ff-el-input--content'><input name=\"phone\" class=\"ff-el-form-control ff-el-phone\" type=\"tel\" placeholder=\"Numero de Tel\u00e9fono\" data-name=\"phone\" id=\"ff_21_phone\" inputmode=\"tel\"  aria-invalid='false' aria-required=true><\/div><\/div><div class='ff-el-group'><div class=\"ff-el-input--label ff-el-is-required asterisk-right\"><label for='ff_21_email' id='label_ff_21_email' aria-label=\"Email\">Email<\/label><div class=\"ff-el-tooltip\" data-content=\"Please Provide your Email Address\"><svg width=\"16\" height=\"16\" viewBox=\"0 0 25 25\"><path d=\"m329 393l0-46c0-2-1-4-2-6-2-2-4-3-7-3l-27 0 0-146c0-3-1-5-3-7-2-1-4-2-7-2l-91 0c-3 0-5 1-7 2-1 2-2 4-2 7l0 46c0 2 1 5 2 6 2 2 4 3 7 3l27 0 0 91-27 0c-3 0-5 1-7 3-1 2-2 4-2 6l0 46c0 3 1 5 2 7 2 1 4 2 7 2l128 0c3 0 5-1 7-2 1-2 2-4 2-7z m-36-256l0-46c0-2-1-4-3-6-2-2-4-3-7-3l-54 0c-3 0-5 1-7 3-2 2-3 4-3 6l0 46c0 3 1 5 3 7 2 1 4 2 7 2l54 0c3 0 5-1 7-2 2-2 3-4 3-7z m182 119c0 40-9 77-29 110-20 34-46 60-80 80-33 20-70 29-110 29-40 0-77-9-110-29-34-20-60-46-80-80-20-33-29-70-29-110 0-40 9-77 29-110 20-34 46-60 80-80 33-20 70-29 110-29 40 0 77 9 110 29 34 20 60 46 80 80 20 33 29 70 29 110z\" transform=\"scale(0.046875 0.046875)\"><\/path><\/svg><\/div><\/div><div class='ff-el-input--content'><input type=\"email\" name=\"email\" id=\"ff_21_email\" class=\"ff-el-form-control\" placeholder=\"Email Address\" data-name=\"email\"  aria-invalid=\"false\" aria-required=true><\/div><\/div><div class='ff-el-group'><div class=\"ff-el-input--label ff-el-is-required asterisk-right\"><label for='ff_21_dropdown' id='label_ff_21_dropdown' aria-label=\"Pueblo de residencia\">Pueblo de residencia<\/label><\/div><div class='ff-el-input--content'><select name=\"dropdown\" id=\"ff_21_dropdown\" class=\"ff-el-form-control\" data-name=\"dropdown\" data-calc_value=\"0\"  aria-invalid=\"false\" aria-required=\"true\" aria-labelledby=\"label_ff_21_dropdown\"><option value=\"\">- Select -<\/option><option value=\"Adjuntas\"  >Adjuntas<\/option><option value=\"Aguada\"  >Aguada<\/option><option value=\"Aguadilla\"  >Aguadilla<\/option><option value=\"Aguas Buenas\"  >Aguas Buenas<\/option><option value=\"Aibonito\"  >Aibonito<\/option><option value=\"A\u00f1asco\"  >A\u00f1asco<\/option><option value=\"Arecibo\"  >Arecibo<\/option><option value=\"Arroyo\"  >Arroyo<\/option><option value=\"Barceloneta\"  >Barceloneta<\/option><option value=\"Barranquitas\"  >Barranquitas<\/option><option value=\"Bayam\u00f3n\"  >Bayam\u00f3n<\/option><option value=\"Cabo Rojo\"  >Cabo Rojo<\/option><option value=\"Caguas\"  >Caguas<\/option><option value=\"Camuy\"  >Camuy<\/option><option value=\"Can\u00f3vanas\"  >Can\u00f3vanas<\/option><option value=\"Carolina\"  >Carolina<\/option><option value=\"Cata\u00f1o\"  >Cata\u00f1o<\/option><option value=\"Cayey\"  >Cayey<\/option><option value=\"Ceiba\"  >Ceiba<\/option><option value=\"Ciales\"  >Ciales<\/option><option value=\"Cidra\"  >Cidra<\/option><option value=\"Coamo\"  >Coamo<\/option><option value=\"Comer\u00edo\"  >Comer\u00edo<\/option><option value=\"Corozal\"  >Corozal<\/option><option value=\"Culebra\"  >Culebra<\/option><option value=\"Dorado\"  >Dorado<\/option><option value=\"Fajardo\"  >Fajardo<\/option><option value=\"Florida\"  >Florida<\/option><option value=\"Gu\u00e1nica\"  >Gu\u00e1nica<\/option><option value=\"Guayama\"  >Guayama<\/option><option value=\"Guayanilla\"  >Guayanilla<\/option><option value=\"Guaynabo\"  >Guaynabo<\/option><option value=\"Gurabo\"  >Gurabo<\/option><option value=\"Hatillo\"  >Hatillo<\/option><option value=\"Hormigueros\"  >Hormigueros<\/option><option value=\"Humacao\"  >Humacao<\/option><option value=\"Isabela\"  >Isabela<\/option><option value=\"Jayuya\"  >Jayuya<\/option><option value=\"Juana D\u00edaz\"  >Juana D\u00edaz<\/option><option value=\"Juncos\"  >Juncos<\/option><option value=\"Lajas\"  >Lajas<\/option><option value=\"Lares\"  >Lares<\/option><option value=\"Las Mar\u00edas\"  >Las Mar\u00edas<\/option><option value=\"Las Piedras\"  >Las Piedras<\/option><option value=\"Lo\u00edza\"  >Lo\u00edza<\/option><option value=\"Luquillo\"  >Luquillo<\/option><option value=\"Manat\u00ed\"  >Manat\u00ed<\/option><option value=\"Maricao\"  >Maricao<\/option><option value=\"Maunabo\"  >Maunabo<\/option><option value=\"Mayag\u00fcez\"  >Mayag\u00fcez<\/option><option value=\"Moca\"  >Moca<\/option><option value=\"Morovis\"  >Morovis<\/option><option value=\"Naguabo\"  >Naguabo<\/option><option value=\"Naranjito\"  >Naranjito<\/option><option value=\"Orocovis\"  >Orocovis<\/option><option value=\"Patillas\"  >Patillas<\/option><option value=\"Pe\u00f1uelas\"  >Pe\u00f1uelas<\/option><option value=\"Ponce\"  >Ponce<\/option><option value=\"Quebradillas\"  >Quebradillas<\/option><option value=\"Rinc\u00f3n\"  >Rinc\u00f3n<\/option><option value=\"R\u00edo Grande\"  >R\u00edo Grande<\/option><option value=\"Sabana Grande\"  >Sabana Grande<\/option><option value=\"Salinas\"  >Salinas<\/option><option value=\"San Germ\u00e1n\"  >San Germ\u00e1n<\/option><option value=\"San Juan\"  >San Juan<\/option><option value=\"San Lorenzo\"  >San Lorenzo<\/option><option value=\"San Sebasti\u00e1n\"  >San Sebasti\u00e1n<\/option><option value=\"Santa Isabel\"  >Santa Isabel<\/option><option value=\"Toa Alta\"  >Toa Alta<\/option><option value=\"Toa Baja\"  >Toa Baja<\/option><option value=\"Trujillo Alto\"  >Trujillo Alto<\/option><option value=\"Utuado\"  >Utuado<\/option><option value=\"Vega Alta\"  >Vega Alta<\/option><option value=\"Vega Baja\"  >Vega Baja<\/option><option value=\"Vieques\"  >Vieques<\/option><option value=\"Villalba\"  >Villalba<\/option><option value=\"Yabucoa\"  >Yabucoa<\/option><option value=\"Yauco\"  >Yauco<\/option><\/select><\/div><\/div><div class='ff-el-group'><div class=\"ff-el-input--label ff-el-is-required asterisk-right\"><label   aria-label=\"\u00bfActualmente reside en Puerto Rico?\">\u00bfActualmente reside en Puerto Rico?<\/label><\/div><div class='ff-el-input--content'><div class='ff-el-form-check ff-el-form-check-'><label class='ff-el-form-check-label' for='input_radio_5_78d3ae810097c3838030470cfc9203cb'><input  type=\"radio\" name=\"input_radio_5\" data-name=\"input_radio_5\" class=\"ff-el-form-check-input ff-el-form-check-radio\" value=\"Si\" data-calc_value=\"20\"  id='input_radio_5_78d3ae810097c3838030470cfc9203cb' aria-label='Si' aria-invalid='false' aria-required=true> <span>Si<\/span><\/label><\/div><div class='ff-el-form-check ff-el-form-check-'><label class='ff-el-form-check-label' for='input_radio_5_8418eb3d836542e529cfdc4a6e8ee4e4'><input  type=\"radio\" name=\"input_radio_5\" data-name=\"input_radio_5\" class=\"ff-el-form-check-input ff-el-form-check-radio\" value=\"no\" data-calc_value=\"0\"  id='input_radio_5_8418eb3d836542e529cfdc4a6e8ee4e4' aria-label='No' aria-invalid='false' aria-required=true> <span>No<\/span><\/label><\/div><\/div><\/div><div class='ff-el-group'><div class=\"ff-el-input--label ff-el-is-required asterisk-right\"><label   aria-label=\"\u00bfTiene 21 a\u00f1os o m\u00e1s?\">\u00bfTiene 21 a\u00f1os o m\u00e1s?<\/label><\/div><div class='ff-el-input--content'><div class='ff-el-form-check ff-el-form-check-'><label class='ff-el-form-check-label' for='input_radio_f9ac549a9b4d7dfb60392a84ee331a43'><input  type=\"radio\" name=\"input_radio\" data-name=\"input_radio\" class=\"ff-el-form-check-input ff-el-form-check-radio\" value=\"Si\" data-calc_value=\"20\"  id='input_radio_f9ac549a9b4d7dfb60392a84ee331a43' aria-label='Si' aria-invalid='false' aria-required=true> <span>Si<\/span><\/label><\/div><div class='ff-el-form-check ff-el-form-check-'><label class='ff-el-form-check-label' for='input_radio_22fd8fe1188ba93447dd7ff6f4754304'><input  type=\"radio\" name=\"input_radio\" data-name=\"input_radio\" class=\"ff-el-form-check-input ff-el-form-check-radio\" value=\"no\" data-calc_value=\"0\"  id='input_radio_22fd8fe1188ba93447dd7ff6f4754304' aria-label='No' aria-invalid='false' aria-required=true> <span>No<\/span><\/label><\/div><\/div><\/div><div class='ff-el-group'><div class=\"ff-el-input--label ff-el-is-required asterisk-right\"><label   aria-label=\"\u00bfHa sido diagnosticado(a) con h\u00edgado graso (esteatosis hep\u00e1tica)?\">\u00bfHa sido diagnosticado(a) con h\u00edgado graso (esteatosis hep\u00e1tica)?<\/label><\/div><div class='ff-el-input--content'><div class='ff-el-form-check ff-el-form-check-'><label class='ff-el-form-check-label' for='input_radio_1_8161d00c1f0b5f39d57b102fef1f922c'><input  type=\"radio\" name=\"input_radio_1\" data-name=\"input_radio_1\" class=\"ff-el-form-check-input ff-el-form-check-radio\" value=\"Si\" data-calc_value=\"20\"  id='input_radio_1_8161d00c1f0b5f39d57b102fef1f922c' aria-label='Si' aria-invalid='false' aria-required=true> <span>Si<\/span><\/label><\/div><div class='ff-el-form-check ff-el-form-check-'><label class='ff-el-form-check-label' for='input_radio_1_0d47a9c14dd5df398b17e59497f45c61'><input  type=\"radio\" name=\"input_radio_1\" data-name=\"input_radio_1\" class=\"ff-el-form-check-input ff-el-form-check-radio\" value=\"no\" data-calc_value=\"0\"  id='input_radio_1_0d47a9c14dd5df398b17e59497f45c61' aria-label='No' aria-invalid='false' aria-required=true> <span>No<\/span><\/label><\/div><\/div><\/div><div class='ff-el-group'><div class=\"ff-el-input--label ff-el-is-required asterisk-right\"><label   aria-label=\"\u00bfRecuerda si su resultado fue F2, F3 o F4?\">\u00bfRecuerda si su resultado fue F2, F3 o F4?<\/label><\/div><div class='ff-el-input--content'><div class='ff-el-form-check ff-el-form-check-'><label class='ff-el-form-check-label' for='input_radio_6_0bfb6676ae8d9852fb029392dce5aec8'><input  type=\"radio\" name=\"input_radio_6\" data-name=\"input_radio_6\" class=\"ff-el-form-check-input ff-el-form-check-radio\" value=\"Si\" data-calc_value=\"20\"  id='input_radio_6_0bfb6676ae8d9852fb029392dce5aec8' aria-label='Si' aria-invalid='false' aria-required=true> <span>Si<\/span><\/label><\/div><div class='ff-el-form-check ff-el-form-check-'><label class='ff-el-form-check-label' for='input_radio_6_f580a1f0cf1ef1391b03db8393854b4e'><input  type=\"radio\" name=\"input_radio_6\" data-name=\"input_radio_6\" class=\"ff-el-form-check-input ff-el-form-check-radio\" value=\"no\" data-calc_value=\"0\"  id='input_radio_6_f580a1f0cf1ef1391b03db8393854b4e' aria-label='No' aria-invalid='false' aria-required=true> <span>No<\/span><\/label><\/div><\/div><\/div><div class='ff-el-group'><div class=\"ff-el-input--label ff-el-is-required asterisk-right\"><label   aria-label=\"\u00bfAutoriza que nos comuniquemos con usted por tel\u00e9fono o correo electr\u00f3nico para brindarle m\u00e1s informaci\u00f3n sobre este estudio?\">\u00bfAutoriza que nos comuniquemos con usted por tel\u00e9fono o correo electr\u00f3nico para brindarle m\u00e1s informaci\u00f3n sobre este estudio?<\/label><\/div><div class='ff-el-input--content'><div class='ff-el-form-check ff-el-form-check-'><label class='ff-el-form-check-label' for='input_radio_7_bb6a5894aaaa3e06e7167c1d991c1e8f'><input  type=\"radio\" name=\"input_radio_7\" data-name=\"input_radio_7\" class=\"ff-el-form-check-input ff-el-form-check-radio\" value=\"Si\" data-calc_value=\"20\"  id='input_radio_7_bb6a5894aaaa3e06e7167c1d991c1e8f' aria-label='Si' aria-invalid='false' aria-required=true> <span>Si<\/span><\/label><\/div><div class='ff-el-form-check ff-el-form-check-'><label class='ff-el-form-check-label' for='input_radio_7_87d925c00aea8dedd41990b83ace2ef3'><input  type=\"radio\" name=\"input_radio_7\" data-name=\"input_radio_7\" class=\"ff-el-form-check-input ff-el-form-check-radio\" value=\"no\" data-calc_value=\"0\"  id='input_radio_7_87d925c00aea8dedd41990b83ace2ef3' aria-label='No' aria-invalid='false' aria-required=true> <span>No<\/span><\/label><\/div><\/div><\/div><div class='ff-el-group ff-hidden'><div class=\"ff-el-input--label asterisk-right\"><label for='ff_21_numeric_field' id='label_ff_21_numeric_field' aria-label=\"Match Score\">Match Score<\/label><\/div><div class='ff-el-input--content'><input type=\"text\" name=\"numeric_field\" id=\"ff_21_numeric_field\" class=\"ff-el-form-control  ff_has_formula\" data-name=\"numeric_field\" data-calculation_formula=\"{q1_asma} + {q2_tos_cronica} + {q3_ct_scan} + {q4_disponibilidad}\" readonly=\"1\"  aria-invalid=\"false\" aria-required=false><\/div><\/div><input type=\"hidden\" name=\"hidden\" value=\"19\" data-name=\"hidden\" ><div class='ff-el-group ff-text-left ff_submit_btn_wrapper'><button type=\"submit\" class=\"ff-btn ff-btn-submit ff-btn-md ff_btn_style\"  aria-label=\"Submit\">Submit<\/button><\/div><\/fieldset><\/form><div id='fluentform_21_errors' class='ff-errors-in-stack ff_form_instance_21_1 ff-form-loading_errors ff_form_instance_21_1_errors'><\/div><\/div>            <script type=\"text\/javascript\">\n                window.fluent_form_ff_form_instance_21_1 = {\"id\":\"21\",\"settings\":{\"layout\":{\"labelPlacement\":\"top\",\"asteriskPlacement\":\"asterisk-right\",\"helpMessagePlacement\":\"with_label\",\"errorMessagePlacement\":\"inline\",\"cssClassName\":\"\"},\"restrictions\":{\"denyEmptySubmission\":{\"enabled\":false}}},\"form_instance\":\"ff_form_instance_21_1\",\"form_id_selector\":\"fluentform_21\",\"rules\":{\"names[first_name]\":{\"required\":{\"value\":true,\"message\":\"This field is required\",\"global_message\":\"This field is required\",\"global\":true}},\"names[middle_name]\":{\"required\":{\"value\":false,\"message\":\"This field is required\",\"global_message\":\"This field is required\",\"global\":true}},\"names[last_name]\":{\"required\":{\"value\":true,\"message\":\"This field is required\",\"global_message\":\"This field is required\",\"global\":true}},\"phone\":{\"required\":{\"value\":true,\"global\":true,\"message\":\"This field is required\",\"global_message\":\"This field is required\"},\"valid_phone_number\":{\"value\":false,\"global\":true,\"message\":\"Phone number is not valid\",\"global_message\":\"Phone number is not valid\"}},\"email\":{\"required\":{\"value\":true,\"message\":\"This field is required\",\"global\":true,\"global_message\":\"This field is required\"},\"email\":{\"value\":true,\"message\":\"This field must contain a valid email\",\"global\":true,\"global_message\":\"This field must contain a valid email\"}},\"dropdown\":{\"required\":{\"value\":true,\"message\":\"This field is required\",\"global_message\":\"This field is required\",\"global\":true}},\"input_radio_5\":{\"required\":{\"value\":true,\"message\":\"This field is required\",\"global_message\":\"This field is required\",\"global\":true}},\"input_radio\":{\"required\":{\"value\":true,\"message\":\"This field is required\",\"global_message\":\"This field is required\",\"global\":true}},\"input_radio_1\":{\"required\":{\"value\":true,\"message\":\"This field is required\",\"global_message\":\"This field is required\",\"global\":true}},\"input_radio_6\":{\"required\":{\"value\":true,\"message\":\"This field is required\",\"global_message\":\"This field is required\",\"global\":true}},\"input_radio_7\":{\"required\":{\"value\":true,\"message\":\"This field is required\",\"global_message\":\"This field is required\",\"global\":true}},\"numeric_field\":{\"required\":{\"value\":false,\"message\":\"This field is required\",\"global_message\":\"This field is required\",\"global\":true},\"numeric\":{\"value\":true,\"message\":\"This field must contain numeric value\",\"global_message\":\"This field must contain numeric value\",\"global\":true},\"min\":{\"value\":\"\",\"message\":\"Validation fails for minimum value\",\"global_message\":\"Validation fails for minimum value\",\"global\":true},\"max\":{\"value\":\"\",\"message\":\"Validation fails for maximum value\",\"global_message\":\"Validation fails for maximum value\",\"global\":true},\"digits\":{\"value\":\"\",\"message\":\"Validation fails for limited digits\",\"global_message\":\"Validation fails for limited digits\",\"global\":true}}},\"debounce_time\":300};\n                            <\/script>\n            <\/div>\n\t\t\t\t\t\t<\/div>\n\t\t\t\t<\/div>\n\t\t\t\t<\/div>\n\t\t\t\t\t<\/div>\n\t\t\t\t<\/div>\n\t\t\t\t<\/div>\n\t\t\t\t<\/div>\n\t\t\t\t<\/div>\n\t\t\t\t<\/div>\n\t\t\t\t<\/div>\n\t\t\t\t<\/div>\n\t\t","protected":false},"excerpt":{"rendered":"<p>Join a Clinical Study Complete the form to see if you may qualify for this research study. LCTC: Higado Graso<\/p>","protected":false},"author":2,"featured_media":0,"parent":0,"menu_order":0,"comment_status":"closed","ping_status":"closed","template":"","meta":{"apbe_headline":"","apbe_seo_keywords":"","apbe_slug":"","apbe_summary":"","apbe_social":"","footnotes":""},"class_list":["post-1768","page","type-page","status-publish","hentry"],"_links":{"self":[{"href":"https:\/\/diversiahealth.com\/es\/wp-json\/wp\/v2\/pages\/1768","targetHints":{"allow":["GET"]}}],"collection":[{"href":"https:\/\/diversiahealth.com\/es\/wp-json\/wp\/v2\/pages"}],"about":[{"href":"https:\/\/diversiahealth.com\/es\/wp-json\/wp\/v2\/types\/page"}],"author":[{"embeddable":true,"href":"https:\/\/diversiahealth.com\/es\/wp-json\/wp\/v2\/users\/2"}],"replies":[{"embeddable":true,"href":"https:\/\/diversiahealth.com\/es\/wp-json\/wp\/v2\/comments?post=1768"}],"version-history":[{"count":10,"href":"https:\/\/diversiahealth.com\/es\/wp-json\/wp\/v2\/pages\/1768\/revisions"}],"predecessor-version":[{"id":1781,"href":"https:\/\/diversiahealth.com\/es\/wp-json\/wp\/v2\/pages\/1768\/revisions\/1781"}],"wp:attachment":[{"href":"https:\/\/diversiahealth.com\/es\/wp-json\/wp\/v2\/media?parent=1768"}],"curies":[{"name":"wp","href":"https:\/\/api.w.org\/{rel}","templated":true}]}}